{"id":4202,"date":"2020-06-04T06:14:53","date_gmt":"2020-06-04T06:14:53","guid":{"rendered":"https:\/\/www.awenko.de\/?page_id=4202"},"modified":"2020-06-04T06:29:07","modified_gmt":"2020-06-04T06:29:07","slug":"tutorial","status":"publish","type":"page","link":"https:\/\/www.awenko.de\/en\/downloadbereich\/tutorial","title":{"rendered":"TUTORIAL"},"content":{"rendered":"<p><div class=\"fusion-bg-parallax\" data-bg-align=\"center center\" data-direction=\"down\" data-mute=\"false\" data-opacity=\"100\" data-velocity=\"-0.3\" data-mobile-enabled=\"false\" data-break_parents=\"0\" data-bg-image=\"https:\/\/awenko.de\/wp-content\/uploads\/2019\/05\/network-35374002.png\" data-bg-repeat=\"false\" data-bg-color=\"#385c6c\" ><\/div><div class=\"fusion-fullwidth fullwidth-box fusion-builder-row-1 fusion-parallax-down nonhundred-percent-fullwidth non-hundred-percent-height-scrolling lazyload\" style=\"background-color: #385c6c;background-position: center center;background-repeat: no-repeat;padding-top:50px;padding-right:0px;padding-bottom:40px;padding-left:0px;margin-bottom: 0px;margin-top: 0px;border-width: 0px 0px 0px 0px;border-color:#eae9e9;border-style:solid;-webkit-background-size:cover;-moz-background-size:cover;-o-background-size:cover;background-size:cover;\" data-bg=\"https:\/\/awenko.de\/wp-content\/uploads\/2019\/05\/network-35374002.png\" ><div class=\"fusion-builder-row fusion-row\"><div class=\"fusion-layout-column fusion_builder_column fusion-builder-column-0 fusion_builder_column_1_1 1_1 fusion-one-full fusion-column-first fusion-column-last\" style=\"margin-top:0px;margin-bottom:20px;\"><div class=\"fusion-column-wrapper fusion-flex-column-wrapper-legacy\" style=\"background-position:left top;background-repeat:no-repeat;-webkit-background-size:cover;-moz-background-size:cover;-o-background-size:cover;background-size:cover;padding: 0px 0px 0px 0px;\"><div class=\"fusion-video fusion-youtube fusion-no-medium-visibility fusion-aligncenter\" style=\"max-width:600px;max-height:360px; width:100%\"><div class=\"video-shortcode\"><div class=\"BorlabsCookie\"><div class=\"_brlbs-content-blocker\"> <div class=\"_brlbs-embed _brlbs-video-youtube\"> <img class=\"lazyload _brlbs-thumbnail\" src=\"data:image\/gif;base64,R0lGODlhAQABAAAAACH5BAEKAAEALAAAAAABAAEAAAICTAEAOw==\" data-orig-src=\"https:\/\/www.awenko.de\/wp-content\/plugins\/borlabs-cookie\/assets\/images\/cb-no-thumbnail.png\" alt=\"YouTube\"> <div class=\"_brlbs-caption\"> <p>Mit dem Laden des Videos akzeptieren Sie die Datenschutzerkl\u00e4rung von YouTube.<br><a href=\"https:\/\/policies.google.com\/privacy\" target=\"_blank\" rel=\"nofollow noopener noreferrer\">Mehr erfahren<\/a><\/p> <p><a class=\"_brlbs-btn _brlbs-icon-play-white\" href=\"#\" data-borlabs-cookie-unblock role=\"button\">Video laden<\/a><\/p> <p><label><input type=\"checkbox\" name=\"unblockAll\" value=\"1\" checked> <small>YouTube immer entsperren<\/small><\/label><\/p> <\/div> <\/div> <\/div><div class=\"borlabs-hide\" data-borlabs-cookie-type=\"content-blocker\" data-borlabs-cookie-id=\"youtube\"><script type=\"text\/template\">PGlmcmFtZSB0aXRsZT0iWW91VHViZSB2aWRlbyBwbGF5ZXIiIHNyYz0iaHR0cHM6Ly93d3cueW91dHViZS1ub2Nvb2tpZS5jb20vZW1iZWQvR1liMkhFWkhwNU0\/d21vZGU9dHJhbnNwYXJlbnQmYXV0b3BsYXk9MCIgd2lkdGg9IjYwMCIgaGVpZ2h0PSIzNjAiIGFsbG93ZnVsbHNjcmVlbiBhbGxvdz0iYXV0b3BsYXk7IGZ1bGxzY3JlZW4iPjwvaWZyYW1lPg==<\/script><\/div><\/div><\/div><\/div><div class=\"fusion-clearfix\"><\/div><\/div><\/div><\/div><\/div><div class=\"fusion-fullwidth fullwidth-box fusion-builder-row-2 hundred-percent-fullwidth non-hundred-percent-height-scrolling\" style=\"background-color: #ffffff;background-position: center center;background-repeat: no-repeat;padding-top:0px;padding-right:0px;padding-bottom:0px;padding-left:0px;margin-bottom: 0px;margin-top: 100px;border-width: 0px 0px 0px 0px;border-color:#eae9e9;border-style:solid;\" ><div class=\"fusion-builder-row fusion-row\"><div class=\"fusion-layout-column fusion_builder_column fusion-builder-column-1 fusion_builder_column_1_2 1_2 fusion-one-half fusion-column-first\" style=\"width:50%;width:calc(50% - ( ( 4% ) * 0.5 ) );margin-right: 4%;margin-top:0px;margin-bottom:20px;\"><div class=\"fusion-column-wrapper fusion-flex-column-wrapper-legacy\" style=\"background-position:left top;background-repeat:no-repeat;-webkit-background-size:cover;-moz-background-size:cover;-o-background-size:cover;background-size:cover;padding: 0px 0px 0px 0px;\"><style type=\"text\/css\">.fusion-accordian  #accordion-4202-1 .panel-title a .fa-fusion-box{ color: #ffffff;}.fusion-accordian  #accordion-4202-1 .panel-title a .fa-fusion-box:before{ font-size: 13px; width: 13px;}.fusion-accordian  #accordion-4202-1 .panel-title a{font-size:19px;}.fusion-accordian  #accordion-4202-1 .fa-fusion-box { background-color: #385c6c;border-color: #385c6c;}.fusion-accordian  #accordion-4202-1 .panel-title a:hover, #accordion-4202-1 .fusion-toggle-boxed-mode:hover .panel-title a { color: #7b0513;}.fusion-accordian  #accordion-4202-1 .panel-title .active .fa-fusion-box,.fusion-accordian  #accordion-4202-1 .panel-title a:hover .fa-fusion-box { background-color: #7b0513!important;border-color: #7b0513!important;}<\/style><div class=\"accordian fusion-accordian\"><div class=\"panel-group\" id=\"accordion-4202-1\" role=\"tablist\"><div class=\"fusion-panel panel-default\" role=\"tabpanel\"><div class=\"panel-heading\"><h4 class=\"panel-title toggle\"><a aria-expanded=\"false\" aria-selected=\"false\" aria-controls=\"c5dd9c23ea6e63513\" role=\"tab\" data-toggle=\"collapse\" data-parent=\"#accordion-4202-1\" data-target=\"#c5dd9c23ea6e63513\" href=\"#c5dd9c23ea6e63513\"><span class=\"fusion-toggle-icon-wrapper\" aria-hidden=\"true\"><i class=\"fa-fusion-box\" aria-hidden=\"true\"><\/i><\/span><span class=\"fusion-toggle-heading\">Neue Funktionen nach Update 04.06.2020<\/span><\/a><\/h4><\/div><div id=\"c5dd9c23ea6e63513\" class=\"panel-collapse collapse\"><div class=\"panel-body toggle-content fusion-clearfix\">\n<p><strong><u>Office<\/u><\/strong><\/p>\n<p>&#8211; Ein neues, moderneres Design<\/p>\n<p>&#8211; Kennzeichen am Pr\u00fcfpunkt, ob Infotexte in der Pr\u00fcfpunktliste angezeigt werden sollen<\/p>\n<p>&#8211; Spalte &#8222;Erstellzeitpunkt&#8220; in der Vorgangs\u00fcbersichten<\/p>\n<p>&#8211; Einstellung zum Synchronisieren von Umfragen und externen Auftr\u00e4gen in die Erfassung (Standardm\u00e4\u00dfig deaktiviert)<\/p>\n<p>&#8211; Erstellen von Kontaktgruppen zur gemeinsamen Benachrichtigung von Kontakten beim Erreichen vorher definierter Status<\/p>\n<p>&#8211; Zuweisen von Kontaktgruppen zu Vorg\u00e4ngen<\/p>\n<p>&#8211; Die bisherigen Zust\u00e4ndigkeiten an Vorg\u00e4ngen wurden durch eine Verantwortlichkeitsmatrix nach dem RACI-Schema ersetzt<\/p>\n<p><strong><u>Erfassung<\/u><\/strong><\/p>\n<p>&#8211; Speichern von Zeitwerten in der Weberfassung per ENTER<\/p>\n<p>&#8211; Weiterbearbeitung von Umfragen und externen Auftr\u00e4gen<\/p>\n<p>&#8211; Ehemalige Zust\u00e4ndigkeiten an Vorg\u00e4ngen wurden durch eine Verantwortlichkeitsmatrix ersetzt<\/p>\n<p>&#8211; Infotexte k\u00f6nnen optional in der Pr\u00fcfpunktliste angezeigt werden<\/p>\n<p>&#8211; Zuweisen von Kontaktgruppen zu Vorg\u00e4ngen<\/p>\n<\/div><\/div><\/div><div class=\"fusion-panel panel-default\" role=\"tabpanel\"><div class=\"panel-heading\"><h4 class=\"panel-title toggle\"><a aria-expanded=\"false\" aria-selected=\"false\" aria-controls=\"4e77fa918cc835a8d\" role=\"tab\" data-toggle=\"collapse\" data-parent=\"#accordion-4202-1\" data-target=\"#4e77fa918cc835a8d\" href=\"#4e77fa918cc835a8d\"><span class=\"fusion-toggle-icon-wrapper\" aria-hidden=\"true\"><i class=\"fa-fusion-box\" aria-hidden=\"true\"><\/i><\/span><span class=\"fusion-toggle-heading\">Neue Funktionen nach Update 04.07.2019 <\/span><\/a><\/h4><\/div><div id=\"4e77fa918cc835a8d\" class=\"panel-collapse collapse\"><div class=\"panel-body toggle-content fusion-clearfix\">\n<p><strong><span class=\"s1\">Allgemein<\/span><\/strong><\/p>\n<ul>\n<li>Rebranding s\u00e4mtlicher Anwendungen inkl. eines neuen Farbkonzepts<\/li>\n<li>Neues Recht, welches es erlaubt, Vorg\u00e4nge anzuzeigen, die man selbst erstellt hat<\/li>\n<li>Neues Recht, welches es erlaubt, alle Pl\u00e4ne anzeigen zu lassen<\/li>\n<\/ul>\n<p><strong><span class=\"s1\">Erfassung<\/span><\/strong><\/p>\n<ul>\n<li>Optimierung der Synchronisation bei gro\u00dfen Datenmengen<\/li>\n<li>Optionale automatische Synchronisation in einem Intervall von 15 Minuten<\/li>\n<li>Optimierte Datenhaltung in den Smart Device-Anwendungen<\/li>\n<li>Plan-\/Formularmen\u00fcpunkte mit nur einer Auswahlm\u00f6glichkeit zeigen nun ein Best\u00e4tigungsfenster anstatt der kompletten Auswahl an<\/li>\n<li>Raumauswahl l\u00e4sst sich per Wischgeste \u00f6ffnen<\/li>\n<li>In der Teamauswahl lassen sich nun auch dessen Mitglieder anzeigen<\/li>\n<li>Automatisches Ausl\u00f6sen von Workflows (wenn im Office definiert)<\/li>\n<li>Allgemeine Fehlerbehebungen und Verbesserungen<\/li>\n<\/ul>\n<p><strong><span class=\"s1\">Office<\/span><\/strong><\/p>\n<ul>\n<li>Schnellzugriff zum Entfernen von Datum\/Termin im Vorgangseditor<\/li>\n<li>Vorgangssuche um Anzeige des Raumes erweitert (global und im Vorgangseditor)<\/li>\n<li>Neue Anzeige der Vorg\u00e4nge\/Pl\u00e4ne im Kalender<\/li>\n<li>Vorg\u00e4nge lassen sich von einem \u00fcbergeordneten Vorgang l\u00f6sen<\/li>\n<\/ul>\n<\/div><\/div><\/div><div class=\"fusion-panel panel-default\" role=\"tabpanel\"><div class=\"panel-heading\"><h4 class=\"panel-title toggle\"><a aria-expanded=\"false\" aria-selected=\"false\" aria-controls=\"f4830008eb0b4196b\" role=\"tab\" data-toggle=\"collapse\" data-parent=\"#accordion-4202-1\" data-target=\"#f4830008eb0b4196b\" href=\"#f4830008eb0b4196b\"><span class=\"fusion-toggle-icon-wrapper\" aria-hidden=\"true\"><i class=\"fa-fusion-box\" aria-hidden=\"true\"><\/i><\/span><span class=\"fusion-toggle-heading\">Neue Funktionen nach Update 14.03.2019: <\/span><\/a><\/h4><\/div><div id=\"f4830008eb0b4196b\" class=\"panel-collapse collapse\"><div class=\"panel-body toggle-content fusion-clearfix\">\n<ul>\n<li class=\"li1\">Men\u00fc in Kachelform<\/li>\n<li>individuelle Men\u00fcpunkte m\u00f6glich \/ Auf Anfrage<\/li>\n<li>Identifizierung \u00fcber NFC Tags m\u00f6glich<\/li>\n<li>Erweiterungen Druckoptionen<\/li>\n<li>Pl\u00e4ne und Formulare nach Schlagw\u00f6rtern filtern<\/li>\n<li>Aufwandssch\u00e4tzung f\u00fcr Aufgaben z.B. in Stunden, Minuten oder Punkten<\/li>\n<\/ul>\n<\/div><\/div><\/div><div class=\"fusion-panel panel-default\" role=\"tabpanel\"><div class=\"panel-heading\"><h4 class=\"panel-title toggle\"><a aria-expanded=\"false\" aria-selected=\"false\" aria-controls=\"9000bb9a8b229e816\" role=\"tab\" data-toggle=\"collapse\" data-parent=\"#accordion-4202-1\" data-target=\"#9000bb9a8b229e816\" href=\"#9000bb9a8b229e816\"><span class=\"fusion-toggle-icon-wrapper\" aria-hidden=\"true\"><i class=\"fa-fusion-box\" aria-hidden=\"true\"><\/i><\/span><span class=\"fusion-toggle-heading\">Neue Funktionen nach Update 27.09.18 Office \/ App \/ Weberfassung: <\/span><\/a><\/h4><\/div><div id=\"9000bb9a8b229e816\" class=\"panel-collapse collapse\"><div class=\"panel-body toggle-content fusion-clearfix\">\n<ul>\n<li class=\"li1\">Tabellarische Erfassung von Teilproben<\/li>\n<li>Vorgabe von Mindest- oder Maximalanzahl an Pr\u00fcfungen (Teilprobe \/ Stichprobe = Tabellenzeilen)<\/li>\n<li>Anzeige einer Grafik f\u00fcr die erfassten Werte einer Spalte in der tabellarischen Erfassung<\/li>\n<li>Getrennte Rechte f\u00fcr Text-Kommentare, Fotos, Ma\u00dfnahmen an den Pr\u00fcfpunkten<\/li>\n<li>Checkbox: nur Ja und Nein in der Anzeige (3 mgl. als pers\u00f6nliche Einstellung)<\/li>\n<li>L\u00f6schen von Kommentaren<\/li>\n<li>Verschieben von Fotos \/ Dateien&nbsp; \/ \u00c4nderung der Reihenfolge<\/li>\n<\/ul>\n<\/div><\/div><\/div><div class=\"fusion-panel panel-default\" role=\"tabpanel\"><div class=\"panel-heading\"><h4 class=\"panel-title toggle\"><a aria-expanded=\"false\" aria-selected=\"false\" aria-controls=\"08f94e6d307472c12\" role=\"tab\" data-toggle=\"collapse\" data-parent=\"#accordion-4202-1\" data-target=\"#08f94e6d307472c12\" href=\"#08f94e6d307472c12\"><span class=\"fusion-toggle-icon-wrapper\" aria-hidden=\"true\"><i class=\"fa-fusion-box\" aria-hidden=\"true\"><\/i><\/span><span class=\"fusion-toggle-heading\">Neue Funktionen nach Update 14.05.2018: <\/span><\/a><\/h4><\/div><div id=\"08f94e6d307472c12\" class=\"panel-collapse collapse\"><div class=\"panel-body toggle-content fusion-clearfix\">\n<ul>\n<li class=\"li1\">L\u00f6schen von Benutzern (Entfernen aus der Datenbank)<\/li>\n<li>L\u00f6schen von Vorg\u00e4ngen \u00fcber den Status (L\u00f6schen aus der Datenbank)<\/li>\n<li>Erweiterung der Angaben f\u00fcr die E-Mailsignaturen<\/li>\n<li>automatischer Statuswechsel nach individuellen Zeitr\u00e4umen<\/li>\n<li>Erweiterungen Druckoptionen<\/li>\n<\/ul>\n<\/div><\/div><\/div><div class=\"fusion-panel panel-default\" role=\"tabpanel\"><div class=\"panel-heading\"><h4 class=\"panel-title toggle\"><a aria-expanded=\"false\" aria-selected=\"false\" aria-controls=\"cfdddac35c86bab23\" role=\"tab\" data-toggle=\"collapse\" data-parent=\"#accordion-4202-1\" data-target=\"#cfdddac35c86bab23\" href=\"#cfdddac35c86bab23\"><span class=\"fusion-toggle-icon-wrapper\" aria-hidden=\"true\"><i class=\"fa-fusion-box\" aria-hidden=\"true\"><\/i><\/span><span class=\"fusion-toggle-heading\">Neue Funktionen App Version 3.11 | 08.05.2018: <\/span><\/a><\/h4><\/div><div id=\"cfdddac35c86bab23\" class=\"panel-collapse collapse\"><div class=\"panel-body toggle-content fusion-clearfix\">\n<ul>\n<li class=\"li1\">Schriftgr\u00f6\u00dfe an Ger\u00e4teeinstellung anpassbar<\/li>\n<li>Berechnungen aus Formeln (hinterlegt im Office) m\u00f6glich<\/li>\n<li>variable Breite der Raumspalte<\/li>\n<li>Erweiterung pers\u00f6nlicher Einstellungen \/ Zeitfilter f\u00fcr Anzeige<\/li>\n<\/ul>\n<\/div><\/div><\/div><div class=\"fusion-panel panel-default\" role=\"tabpanel\"><div class=\"panel-heading\"><h4 class=\"panel-title toggle\"><a aria-expanded=\"false\" aria-selected=\"false\" aria-controls=\"b484fe948eb60c424\" role=\"tab\" data-toggle=\"collapse\" data-parent=\"#accordion-4202-1\" data-target=\"#b484fe948eb60c424\" href=\"#b484fe948eb60c424\"><span class=\"fusion-toggle-icon-wrapper\" aria-hidden=\"true\"><i class=\"fa-fusion-box\" aria-hidden=\"true\"><\/i><\/span><span class=\"fusion-toggle-heading\">Neue Funktionen App Version 3.10: <\/span><\/a><\/h4><\/div><div id=\"b484fe948eb60c424\" class=\"panel-collapse collapse\"><div class=\"panel-body toggle-content fusion-clearfix\">\n<ul class=\"ul1\">\n<li class=\"li1\">Erweiterung der Filter f\u00fcr Vorg\u00e4nge und Formulare:&nbsp; Textsuche&nbsp; \u2013 Durchsucht Formbl\u00e4tter und Vorg\u00e4nge nach frei eingegebenen Texten<\/li>\n<li class=\"li1\">Option zur automatischen Synchronisation bei Starten der App &nbsp;(pers\u00f6nliche Einstellung)<\/li>\n<li class=\"li1\">Option, um automatisch in den folgenden Pr\u00fcfpunkt zu wechseln<\/li>\n<li class=\"li1\">Kommentare bearbeiten (Recht zum \u00c4ndern an der Rolle muss gesetzt sein)<\/li>\n<li class=\"li1\">Notizen auf Fotos<\/li>\n<li class=\"li1\">Anzeige von Vorgabe-Fotos an Individualpr\u00fcfpunkten z.B. Artikel<\/li>\n<\/ul>\n<\/div><\/div><\/div><div class=\"fusion-panel panel-default\" role=\"tabpanel\"><div class=\"panel-heading\"><h4 class=\"panel-title toggle\"><a aria-expanded=\"false\" aria-selected=\"false\" aria-controls=\"e94b4aefef49a6dc1\" role=\"tab\" data-toggle=\"collapse\" data-parent=\"#accordion-4202-1\" data-target=\"#e94b4aefef49a6dc1\" href=\"#e94b4aefef49a6dc1\"><span class=\"fusion-toggle-icon-wrapper\" aria-hidden=\"true\"><i class=\"fa-fusion-box\" aria-hidden=\"true\"><\/i><\/span><span class=\"fusion-toggle-heading\">Neue Funktionen nach Update Office am 01.11.2017: <\/span><\/a><\/h4><\/div><div id=\"e94b4aefef49a6dc1\" class=\"panel-collapse collapse\"><div class=\"panel-body toggle-content fusion-clearfix\">\n<ul>\n<li class=\"li1\">Import aus Excel: Pr\u00fcfpunkte an Formularen und R\u00e4umen<\/li>\n<li>Import aus Excel: R\u00e4ume, Raumstruktur, Objekte<\/li>\n<li>Export nach Excel: R\u00e4ume, Raumstruktur, Objekte<\/li>\n<\/ul>\n<\/div><\/div><\/div><div class=\"fusion-panel panel-default\" role=\"tabpanel\"><div class=\"panel-heading\"><h4 class=\"panel-title toggle\"><a aria-expanded=\"false\" aria-selected=\"false\" aria-controls=\"d4f646f3eb1ae6e85\" role=\"tab\" data-toggle=\"collapse\" data-parent=\"#accordion-4202-1\" data-target=\"#d4f646f3eb1ae6e85\" href=\"#d4f646f3eb1ae6e85\"><span class=\"fusion-toggle-icon-wrapper\" aria-hidden=\"true\"><i class=\"fa-fusion-box\" aria-hidden=\"true\"><\/i><\/span><span class=\"fusion-toggle-heading\">Neue Funktionen nach Update Office am 11.10.2017: <\/span><\/a><\/h4><\/div><div id=\"d4f646f3eb1ae6e85\" class=\"panel-collapse collapse\"><div class=\"panel-body toggle-content fusion-clearfix\">\n<ul>\n<li class=\"li1\">Export nach Excel: Pr\u00fcfpunkte an Formularen und R\u00e4umen (Vorlagen)<\/li>\n<li class=\"li1\">Tagesbericht: Erweiterung der Versendeoptionen z.B. Wochentage<\/li>\n<li class=\"li1\">Option zum Einschr\u00e4nken der Men\u00fcpunkte im Office<\/li>\n<\/ul>\n<\/div><\/div><\/div><div class=\"fusion-panel panel-default\" role=\"tabpanel\"><div class=\"panel-heading\"><h4 class=\"panel-title toggle\"><a aria-expanded=\"false\" aria-selected=\"false\" aria-controls=\"7572c2b31ec3ccb30\" role=\"tab\" data-toggle=\"collapse\" data-parent=\"#accordion-4202-1\" data-target=\"#7572c2b31ec3ccb30\" href=\"#7572c2b31ec3ccb30\"><span class=\"fusion-toggle-icon-wrapper\" aria-hidden=\"true\"><i class=\"fa-fusion-box\" aria-hidden=\"true\"><\/i><\/span><span class=\"fusion-toggle-heading\">Neue Funktionen nach Update Office am 14.09.2017: <\/span><\/a><\/h4><\/div><div id=\"7572c2b31ec3ccb30\" class=\"panel-collapse collapse\"><div class=\"panel-body toggle-content fusion-clearfix\">\n<ul>\n<li class=\"li1\">Werte in den Auswahllisten \/ Mehrfachauswahlen verschieb- und sortierbar<\/li>\n<li class=\"li1\">Anzeige offener und erfasster Pr\u00fcfpunkte auch in der Vorgangs\u00fcbersicht<\/li>\n<li class=\"li1\">Einklappen der Filter im Archiv \/ Vorgangs\u00fcbersicht<\/li>\n<li class=\"li1\">Erweiterung der Druckoptionen: z.B. Seitenoptimierung \/ Spaltenbreite bei gewichteten Checklisten<\/li>\n<li class=\"li1\">Erweiterung der Druckoptionen: z.B. Mitdrucken der Infotexte an Pr\u00fcfpunkten<\/li>\n<\/ul>\n<\/div><\/div><\/div><\/div><\/div><div class=\"fusion-clearfix\"><\/div><\/div><\/div><div class=\"fusion-layout-column fusion_builder_column fusion-builder-column-2 fusion_builder_column_1_2 1_2 fusion-one-half fusion-column-last\" style=\"width:50%;width:calc(50% - ( ( 4% ) * 0.5 ) );margin-top:0px;margin-bottom:20px;\"><div class=\"fusion-column-wrapper fusion-flex-column-wrapper-legacy\" style=\"background-position:left top;background-repeat:no-repeat;-webkit-background-size:cover;-moz-background-size:cover;-o-background-size:cover;background-size:cover;padding: 0px 0px 0px 0px;\"><div class=\"fusion-align-block\"><style type=\"text\/css\">.fusion-button.button-1 {border-radius:2px;}<\/style><a class=\"fusion-button button-flat fusion-button-default-size button-default button-1 fusion-button-default-span fusion-button-default-type fusion-animated\" data-animationtype=\"slideInRight\" data-animationduration=\"0.8\" data-animationoffset=\"100%\" target=\"_blank\" rel=\"noopener noreferrer\" title=\"AGB \/ Nutzungsbedingungen \" href=\"https:\/\/www.awenko.de\/wp-content\/uploads\/2018\/05\/Gescha\u0308fts-und-Nutzungsbedingungen-AWENKO-2018.pdf\"><span class=\"fusion-button-text\">AGB \/ Nutzungsbedingungen <\/span><\/a><\/div><div class=\"fusion-sep-clear\"><\/div><div class=\"fusion-separator fusion-full-width-sep\" style=\"margin-left: auto;margin-right: auto;margin-bottom:100px;width:100%;\"><\/div><div class=\"fusion-sep-clear\"><\/div><div class=\"fusion-clearfix\"><\/div><\/div><\/div><\/div><\/div><\/p>","protected":false},"excerpt":{"rendered":"","protected":false},"author":32,"featured_media":0,"parent":3447,"menu_order":0,"comment_status":"closed","ping_status":"closed","template":"100-width.php","meta":{"ngg_post_thumbnail":0,"footnotes":""},"class_list":["post-4202","page","type-page","status-publish","hentry"],"yoast_head":"<!-- This site is optimized with the Yoast SEO plugin v23.5 - https:\/\/yoast.com\/wordpress\/plugins\/seo\/ -->\n<title>TUTORIAL - awenko:360<\/title>\n<meta name=\"robots\" content=\"index, follow, max-snippet:-1, max-image-preview:large, max-video-preview:-1\" \/>\n<link rel=\"canonical\" href=\"https:\/\/www.awenko.de\/en\/downloadbereich\/tutorial\/\" \/>\n<meta property=\"og:locale\" content=\"en_GB\" \/>\n<meta property=\"og:type\" content=\"article\" \/>\n<meta property=\"og:title\" content=\"TUTORIAL - awenko:360\" \/>\n<meta property=\"og:url\" content=\"https:\/\/www.awenko.de\/en\/downloadbereich\/tutorial\/\" \/>\n<meta property=\"og:site_name\" content=\"awenko:360\" \/>\n<meta property=\"article:publisher\" content=\"https:\/\/www.facebook.com\/awenko.360\/\" \/>\n<meta property=\"article:modified_time\" content=\"2020-06-04T06:29:07+00:00\" \/>\n<meta name=\"twitter:card\" content=\"summary_large_image\" \/>\n<meta name=\"twitter:label1\" content=\"Estimated reading time\" \/>\n\t<meta name=\"twitter:data1\" content=\"7 minutes\" \/>\n<!-- \/ Yoast SEO plugin. -->","yoast_head_json":{"title":"TUTORIAL - awenko:360","robots":{"index":"index","follow":"follow","max-snippet":"max-snippet:-1","max-image-preview":"max-image-preview:large","max-video-preview":"max-video-preview:-1"},"canonical":"https:\/\/www.awenko.de\/en\/downloadbereich\/tutorial\/","og_locale":"en_GB","og_type":"article","og_title":"TUTORIAL - awenko:360","og_url":"https:\/\/www.awenko.de\/en\/downloadbereich\/tutorial\/","og_site_name":"awenko:360","article_publisher":"https:\/\/www.facebook.com\/awenko.360\/","article_modified_time":"2020-06-04T06:29:07+00:00","twitter_card":"summary_large_image","twitter_misc":{"Estimated reading time":"7 minutes"},"schema":{"@context":"https:\/\/schema.org","@graph":[{"@type":"WebPage","@id":"https:\/\/www.awenko.de\/downloadbereich\/tutorial","url":"https:\/\/www.awenko.de\/downloadbereich\/tutorial","name":"TUTORIAL - awenko:360","isPartOf":{"@id":"https:\/\/www.awenko.de\/#website"},"datePublished":"2020-06-04T06:14:53+00:00","dateModified":"2020-06-04T06:29:07+00:00","breadcrumb":{"@id":"https:\/\/www.awenko.de\/downloadbereich\/tutorial#breadcrumb"},"inLanguage":"en-GB","potentialAction":[{"@type":"ReadAction","target":["https:\/\/www.awenko.de\/downloadbereich\/tutorial"]}]},{"@type":"BreadcrumbList","@id":"https:\/\/www.awenko.de\/downloadbereich\/tutorial#breadcrumb","itemListElement":[{"@type":"ListItem","position":1,"name":"Startseite","item":"https:\/\/www.awenko.de\/"},{"@type":"ListItem","position":2,"name":"DOWNLOADBEREICH","item":"https:\/\/www.awenko.de\/downloadbereich"},{"@type":"ListItem","position":3,"name":"TUTORIAL"}]},{"@type":"WebSite","@id":"https:\/\/www.awenko.de\/#website","url":"https:\/\/www.awenko.de\/","name":"awenko:360","description":"QM Software f\u00fcr effizientes Qualit\u00e4tsmanagement","potentialAction":[{"@type":"SearchAction","target":{"@type":"EntryPoint","urlTemplate":"https:\/\/www.awenko.de\/?s={search_term_string}"},"query-input":{"@type":"PropertyValueSpecification","valueRequired":true,"valueName":"search_term_string"}}],"inLanguage":"en-GB"}]}},"_links":{"self":[{"href":"https:\/\/www.awenko.de\/en\/wp-json\/wp\/v2\/pages\/4202"}],"collection":[{"href":"https:\/\/www.awenko.de\/en\/wp-json\/wp\/v2\/pages"}],"about":[{"href":"https:\/\/www.awenko.de\/en\/wp-json\/wp\/v2\/types\/page"}],"author":[{"embeddable":true,"href":"https:\/\/www.awenko.de\/en\/wp-json\/wp\/v2\/users\/32"}],"replies":[{"embeddable":true,"href":"https:\/\/www.awenko.de\/en\/wp-json\/wp\/v2\/comments?post=4202"}],"version-history":[{"count":4,"href":"https:\/\/www.awenko.de\/en\/wp-json\/wp\/v2\/pages\/4202\/revisions"}],"predecessor-version":[{"id":4206,"href":"https:\/\/www.awenko.de\/en\/wp-json\/wp\/v2\/pages\/4202\/revisions\/4206"}],"up":[{"embeddable":true,"href":"https:\/\/www.awenko.de\/en\/wp-json\/wp\/v2\/pages\/3447"}],"wp:attachment":[{"href":"https:\/\/www.awenko.de\/en\/wp-json\/wp\/v2\/media?parent=4202"}],"curies":[{"name":"wp","href":"https:\/\/api.w.org\/{rel}","templated":true}]}}