{"id":3260,"date":"2019-06-19T15:30:29","date_gmt":"2019-06-19T15:30:29","guid":{"rendered":"http:\/\/s780036507.online.de\/?page_id=3260"},"modified":"2020-04-22T17:41:41","modified_gmt":"2020-04-22T17:41:41","slug":"kontakt","status":"publish","type":"page","link":"https:\/\/www.awenko.de\/fr\/contact","title":{"rendered":"CONTACT"},"content":{"rendered":"<p><div class=\"fusion-fullwidth fullwidth-box fusion-builder-row-1 nonhundred-percent-fullwidth non-hundred-percent-height-scrolling\" style=\"background-color: #ffffff;background-position: center center;background-repeat: no-repeat;padding-top:0px;padding-right:0px;padding-bottom:0px;padding-left:0px;margin-bottom: 0px;margin-top: 0px;border-width: 0px 0px 0px 0px;border-color:#eae9e9;border-style:solid;\" ><div class=\"fusion-builder-row fusion-row\"><div class=\"fusion-layout-column fusion_builder_column fusion-builder-column-0 fusion_builder_column_2_3 2_3 fusion-two-third fusion-column-first\" style=\"width:66.666666666667%;width:calc(66.666666666667% - ( ( 4% ) * 0.66666666666667 ) );margin-right: 4%;margin-top:0px;margin-bottom:20px;\"><div class=\"fusion-column-wrapper fusion-flex-column-wrapper-legacy\" style=\"background-position:left top;background-repeat:no-repeat;-webkit-background-size:cover;-moz-background-size:cover;-o-background-size:cover;background-size:cover;padding: 0px 0px 0px 0px;\"><div class=\"fusion-text fusion-text-1\" style=\"transform:translate3d(0,0,0);\"><h1 style=\"color: #7e1210;\">Vous voulez en savoir plus sur awenko:360?<\/h1>\n<p>Nous nous ferons un plaisir de faire une pr\u00e9sentation d'introduction gratuite en ligne ou dans vos locaux. N'h\u00e9sitez pas \u00e0 nous faire part de vos besoins concrets lors de la rencontre.<\/p>\n<div role=\"form\" class=\"wpcf7\" id=\"wpcf7-f3284-o1\" lang=\"de-DE\" dir=\"ltr\">\n<div class=\"screen-reader-response\"><p role=\"status\" aria-live=\"polite\" aria-atomic=\"true\"><\/p> <ul><\/ul><\/div>\n<form action=\"\/fr\/wp-json\/wp\/v2\/pages\/3260#wpcf7-f3284-o1\" method=\"post\" class=\"wpcf7-form init cf7-style cf7-style-3919\" novalidate=\"novalidate\" data-status=\"init\" data-trp-original-action=\"\/fr\/wp-json\/wp\/v2\/pages\/3260#wpcf7-f3284-o1\">\n<div style=\"display: none;\">\n<input type=\"hidden\" name=\"_wpcf7\" value=\"3284\" \/>\n<input type=\"hidden\" name=\"_wpcf7_version\" value=\"5.4.1\" \/>\n<input type=\"hidden\" name=\"_wpcf7_locale\" value=\"de_DE\" \/>\n<input type=\"hidden\" name=\"_wpcf7_unit_tag\" value=\"wpcf7-f3284-o1\" \/>\n<input type=\"hidden\" name=\"_wpcf7_container_post\" value=\"0\" \/>\n<input type=\"hidden\" name=\"_wpcf7_posted_data_hash\" value=\"\" \/>\n<\/div>\n<p>Votre nom *<br \/>\n    <span class=\"wpcf7-form-control-wrap Name\"><input type=\"text\" name=\"Name\" value=\"\" size=\"40\" class=\"wpcf7-form-control wpcf7-text wpcf7-validates-as-required\" aria-required=\"true\" aria-invalid=\"false\" \/><\/span> <\/p>\n<p>Votre E-Mail *<br \/>\n    <span class=\"wpcf7-form-control-wrap E-Mail\"><input type=\"email\" name=\"E-Mail\" value=\"\" size=\"40\" class=\"wpcf7-form-control wpcf7-text wpcf7-email wpcf7-validates-as-required wpcf7-validates-as-email\" aria-required=\"true\" aria-invalid=\"false\" \/><\/span> <\/p>\n<p>Votre t\u00e9l\u00e9phone<br \/>\n    <span class=\"wpcf7-form-control-wrap Telefon\"><input type=\"text\" name=\"Telefon\" value=\"\" size=\"40\" class=\"wpcf7-form-control wpcf7-text\" aria-invalid=\"false\" \/><\/span> <\/p>\n<p>Nombre d'utilisateurs (approximatif)<br \/>\n    <span class=\"wpcf7-form-control-wrap AnzahlAnwender\"><input type=\"text\" name=\"AnzahlAnwender\" value=\"\" size=\"40\" class=\"wpcf7-form-control wpcf7-text\" aria-invalid=\"false\" \/><\/span><\/p>\n<p>Secteur d\u2019activit\u00e9 de votre entreprise *<br \/>\n    <span class=\"wpcf7-form-control-wrap Branche\"><select name=\"Branche[]\" class=\"wpcf7-form-control wpcf7-select wpcf7-validates-as-required\" aria-required=\"true\" aria-invalid=\"false\" multiple=\"multiple\"><option value=\"Hotellerie und (System-) Gastronomie\">H\u00f4tellerie et gastronomie (de syst\u00e8me)<\/option><option value=\"Fertigung &amp; Industrie\">Production et industrie<\/option><option value=\"Lebensmittelproduktion\">Production alimentaire<\/option><option value=\"Beratung &amp; Dienstleistung\">Conseil et service<\/option><option value=\"Bauwesen\">Construction<\/option><option value=\"Beh\u00f6rden \/ Gesundheit \/ Bildung\">Gouvernement \/ Sant\u00e9 \/ Education<\/option><option value=\"Handel\">Commerce<\/option><option value=\"Maschinen- &amp; Anlagenbau\">Ing\u00e9nierie des machines et des installations<\/option><option value=\"andere\">autre<\/option><\/select><\/span><\/p>\n<p>Le type d'h\u00e9bergement souhait\u00e9<br \/>\n    <span class=\"wpcf7-form-control-wrap Hosting\"><select name=\"Hosting\" class=\"wpcf7-form-control wpcf7-select\" aria-invalid=\"false\"><option value=\"Hosting auf dem eigenen Server\">H\u00e9bergement sur votre propre serveur<\/option><option value=\"Hosting durch AWENKO\">H\u00e9bergement par AWENKO<\/option><\/select><\/span><\/p>\n<p>Votre demande <br \/>\n<span class=\"wpcf7-form-control-wrap Anfrage\"><textarea name=\"Anfrage\" cols=\"40\" rows=\"10\" class=\"wpcf7-form-control wpcf7-textarea wpcf7-validates-as-required\" aria-required=\"true\" aria-invalid=\"false\"><\/textarea><\/span> <\/p>\n<p>Afin de se prot\u00e9ger des spams, veuillez entrer les quatre chiffres suivants dans le champ pr\u00e9vu \u00e0 cet effet.<br \/>\n<input type=\"hidden\" name=\"_wpcf7_captcha_challenge_captcha-303\" value=\"3516613113\" \/><img decoding=\"async\" class=\"lazyload wpcf7-form-control wpcf7-captchac wpcf7-captcha-captcha-303\" width=\"72\" height=\"24\" alt=\"captcha\" src=\"data:image\/svg+xml,%3Csvg%20xmlns%3D%27http%3A%2F%2Fwww.w3.org%2F2000%2Fsvg%27%20width%3D%2772%27%20height%3D%2724%27%20viewBox%3D%270%200%2072%2024%27%3E%3Crect%20width%3D%2772%27%20height%3D%27324%27%20fill-opacity%3D%220%22%2F%3E%3C%2Fsvg%3E\" data-orig-src=\"https:\/\/www.awenko.de\/wp-content\/uploads\/wpcf7_captcha\/3516613113.png\" \/><br \/>\n<span class=\"wpcf7-form-control-wrap captcha-303\"><input type=\"text\" name=\"captcha-303\" value=\"\" size=\"40\" class=\"wpcf7-form-control wpcf7-captchar\" autocomplete=\"off\" aria-invalid=\"false\" \/><\/span><\/p>\n<p><span class=\"wpcf7-form-control-wrap checkbox-594\"><span class=\"wpcf7-form-control wpcf7-checkbox wpcf7-validates-as-required\"><span class=\"wpcf7-list-item first last\"><input type=\"checkbox\" name=\"checkbox-594[]\" value=\"Ich akzeptiere die Datenschutzerkl\u00e4rung. *\" \/><span class=\"wpcf7-list-item-label\">J\u2019accepte la politique de confidentialit\u00e9.<\/span><\/span><\/span><\/span> <a href=\"https:\/\/www.awenko.de\/fr\/politique-de-confidentialite\/\" target=\"_blank\">Lire la politique de confidentialit\u00e9<\/a><\/p>\n<p>* Champs obligatoires<\/p>\n<p><input type=\"submit\" value=\"Envoyer une demande\" class=\"wpcf7-form-control wpcf7-submit\" \/><\/p>\n<div class=\"fusion-alert alert custom alert-custom fusion-alert-center wpcf7-response-output fusion-alert-capitalize alert-dismissable\" style=\"border-width:1px;\"><button type=\"button\" class=\"close toggle-alert\" data-dismiss=\"alert\" aria-hidden=\"true\">&times;<\/button><div class=\"fusion-alert-content-wrapper\"><span class=\"fusion-alert-content\"><\/span><\/div><\/div><input type=\"hidden\" name=\"trp-form-language\" value=\"fr\"\/><\/form><\/div>\n<\/div><div class=\"fusion-text fusion-text-2\" style=\"transform:translate3d(0,0,0);\"><p style=\"font-size: 12px;\"><strong>Informations sur la protection des donn\u00e9es:<\/strong> Vous pouvez utiliser le formulaire ci-dessus pour nous envoyer votre demande. Vos donn\u00e9es nous seront transmises par e-mail par l'interm\u00e9diaire de notre fournisseur et seront effac\u00e9es imm\u00e9diatement apr\u00e8s r\u00e9ception de votre r\u00e9ponse, \u00e0 condition qu'il n'y ait aucune obligation l\u00e9gale de stockage. Vos donn\u00e9es ne seront pas utilis\u00e9es \u00e0 d'autres fins ou transmises \u00e0 des tiers. Vous pouvez \u00e9galement r\u00e9silier \u00e0 tout moment et sans aucune indication de raison  votre autorisation de collecter, de communiquer ou d'utiliser des donn\u00e9es vous concernant.  En cas de r\u00e9vocation, vos donn\u00e9es seront imm\u00e9diatement effac\u00e9es.<\/p>\n<\/div><div class=\"fusion-clearfix\"><\/div><\/div><\/div><div class=\"fusion-layout-column fusion_builder_column fusion-builder-column-1 fusion_builder_column_1_3 1_3 fusion-one-third fusion-column-last\" style=\"width:33.333333333333%;width:calc(33.333333333333% - ( ( 4% ) * 0.33333333333333 ) );margin-top:-70px;margin-bottom:20px;\"><div class=\"fusion-column-wrapper fusion-flex-column-wrapper-legacy\" style=\"background-position:left top;background-repeat:no-repeat;-webkit-background-size:cover;-moz-background-size:cover;-o-background-size:cover;background-size:cover;padding: 0px 0px 0px 0px;\"><div class=\"fusion-sep-clear\"><\/div><div class=\"fusion-separator fusion-full-width-sep\" style=\"margin-left: auto;margin-right: auto;margin-top:20px;margin-bottom:20px;width:100%;\"><\/div><div class=\"fusion-sep-clear\"><\/div><div class=\"fusion-sep-clear\"><\/div><div class=\"fusion-separator fusion-full-width-sep\" style=\"margin-left: auto;margin-right: auto;margin-top:20px;margin-bottom:120px;width:100%;\"><\/div><div class=\"fusion-sep-clear\"><\/div><div class=\"fusion-text fusion-text-3\" style=\"transform:translate3d(0,0,0);\"><p>Sollten Sie Schwierigkeiten beim Beantworten der Fragen haben, so helfen wir Ihnen gern weiter.<\/p>\n<p>Sie erreichen uns telefonisch unter<br \/>\n<strong style=\"font-size: 1.6em;\">+49 (0) 4442 \/ 80 82 80<\/strong><\/p>\n<p>et par e-mail : <strong><br \/>\n<\/strong><\/p>\n<p><strong><a style=\"font-size: 1.6em;\" href=\"mailto:info@awenko.de\">info@awenko.de<\/a>.<\/strong><\/p>\n<\/div><div class=\"fusion-clearfix\"><\/div><\/div><\/div><\/div><\/div><div class=\"fusion-fullwidth fullwidth-box fusion-builder-row-2 fusion-parallax-none hundred-percent-fullwidth non-hundred-percent-height-scrolling lazyload\" style=\"background-color: #ffffff;background-position: right center;background-repeat: repeat-x;padding-top:0px;padding-right:0px;padding-bottom:0px;padding-left:0px;border-width: 0px 0px 0px 0px;border-color:#eae9e9;border-style:solid;\" data-bg=\"https:\/\/awenko.de\/wp-content\/uploads\/2019\/09\/awenko_gebaeude_neu.jpg\" ><div class=\"fusion-builder-row fusion-row\"><div class=\"fusion-layout-column fusion_builder_column fusion-builder-column-2 fusion_builder_column_1_2 1_2 fusion-one-half fusion-column-first\" style=\"width:50%;width:calc(50% - ( ( 4% ) * 0.5 ) );margin-right: 4%;margin-top:0px;margin-bottom:0px;\"><div class=\"fusion-column-wrapper fusion-flex-column-wrapper-legacy\" style=\"background-position:left top;background-repeat:no-repeat;-webkit-background-size:cover;-moz-background-size:cover;-o-background-size:cover;background-size:cover;padding: 0px 0px 0px 0px;\"><div class=\"BorlabsCookie\"><div class=\"_brlbs-content-blocker\"> <div class=\"_brlbs-embed _brlbs-google-maps\"> <img class=\"lazyload _brlbs-thumbnail\" src=\"data:image\/gif;base64,R0lGODlhAQABAAAAACH5BAEKAAEALAAAAAABAAEAAAICTAEAOw==\" data-orig-src=\"https:\/\/www.awenko.de\/wp-content\/plugins\/borlabs-cookie\/assets\/images\/cb-maps.png\" alt=\"Google Maps\"> <div class=\"_brlbs-caption\"> <p>Mit dem Laden der Karte akzeptieren Sie die Datenschutzerkl\u00e4rung von Google.<br><a href=\"https:\/\/policies.google.com\/privacy\" target=\"_blank\" rel=\"nofollow noopener noreferrer\">Mehr erfahren<\/a><\/p> <p><a class=\"_brlbs-btn\" href=\"#\" data-borlabs-cookie-unblock role=\"button\">Karte laden<\/a><\/p> <p><label><input type=\"checkbox\" name=\"unblockAll\" value=\"1\" checked> <small>Google Maps immer entsperren<\/small><\/label><\/p> <\/div> <\/div> <\/div><div class=\"borlabs-hide\" data-borlabs-cookie-type=\"content-blocker\" data-borlabs-cookie-id=\"googlemaps\"><script type=\"text\/template\">PGlmcmFtZSBzcmM9Imh0dHBzOi8vd3d3Lmdvb2dsZS5jb20vbWFwcy9lbWJlZD9wYj0hMW0xOCExbTEyITFtMyExZDE5OTUuNzg3NDkzNzgzODMyNCEyZDguMjU2MzE3OTI3MzMwMzc5ITNkNTIuNjY4MTkxNDUzMjY5MTchMm0zITFmMCEyZjAhM2YwITNtMiExaTEwMjQhMmk3NjghNGYxMy4xITNtMyExbTIhMXMweDQ3YjczZWI5M2ZlYTAxNTclM0EweDNiMjFhMDUxODQxZDJhOGQhMnNBV0VOS08lMjBHbWJIJTIwJTI2JTIwQ28uJTIwS0chNWUwITNtMiExc2RlITJzZGUhNHYxNTY4MTI5ODIzNDI2ITVtMiExc2RlITJzZGUga2V5PUFJemFTeUFvMWh0QXA2NllDazhLSjFQZ3VMX1JfaDRXVFNGX1ZNMCIgd2lkdGg9IjEwMCUiIGhlaWdodD0iNjAwcHgiIGZyYW1lYm9yZGVyPSIwIiBzdHlsZT0iYm9yZGVyOjA7IiBhbGxvd2Z1bGxzY3JlZW49IiI+PC9pZnJhbWU+<\/script><\/div><\/div><div class=\"fusion-clearfix\"><\/div><\/div><\/div><div class=\"fusion-layout-column fusion_builder_column fusion-builder-column-3 fusion_builder_column_1_2 1_2 fusion-one-half fusion-column-last fusion-column-inner-bg-wrapper\" style=\"width:50%;width:calc(50% - ( ( 4% ) * 0.5 ) );margin-top:0px;margin-bottom:0px;\"><div class=\"fusion-column-wrapper fusion-flex-column-wrapper-legacy\" style=\"padding: 0px 0px 0px 0px;\"><div class=\"fusion-clearfix\"><\/div><\/div><span class=\"fusion-column-inner-bg hover-type-zoomin\"><a class=\"fusion-column-anchor\"><span class=\"fusion-column-inner-bg-image\" style=\"background-position:center top;background-repeat:no-repeat;-webkit-background-size:cover;-moz-background-size:cover;-o-background-size:cover;background-size:cover;\"><\/span><\/a><\/span><\/div><\/div><\/div><\/p>","protected":false},"excerpt":{"rendered":"","protected":false},"author":32,"featured_media":0,"parent":0,"menu_order":0,"comment_status":"closed","ping_status":"closed","template":"100-width.php","meta":{"ngg_post_thumbnail":0,"footnotes":""},"class_list":["post-3260","page","type-page","status-publish","hentry"],"yoast_head":"<!-- This site is optimized with the Yoast SEO plugin v23.5 - https:\/\/yoast.com\/wordpress\/plugins\/seo\/ -->\n<title>KONTAKT - awenko:360<\/title>\n<meta name=\"robots\" content=\"index, follow, max-snippet:-1, max-image-preview:large, max-video-preview:-1\" \/>\n<link rel=\"canonical\" href=\"https:\/\/www.awenko.de\/fr\/contact\/\" \/>\n<meta property=\"og:locale\" content=\"fr_FR\" \/>\n<meta property=\"og:type\" content=\"article\" \/>\n<meta property=\"og:title\" content=\"KONTAKT - awenko:360\" \/>\n<meta property=\"og:url\" content=\"https:\/\/www.awenko.de\/fr\/contact\/\" \/>\n<meta property=\"og:site_name\" content=\"awenko:360\" \/>\n<meta property=\"article:publisher\" content=\"https:\/\/www.facebook.com\/awenko.360\/\" \/>\n<meta property=\"article:modified_time\" content=\"2020-04-22T17:41:41+00:00\" \/>\n<meta name=\"twitter:card\" content=\"summary_large_image\" \/>\n<meta name=\"twitter:label1\" content=\"Dur\u00e9e de lecture estim\u00e9e\" \/>\n\t<meta name=\"twitter:data1\" content=\"5 minutes\" \/>\n<!-- \/ Yoast SEO plugin. -->","yoast_head_json":{"title":"KONTAKT - awenko:360","robots":{"index":"index","follow":"follow","max-snippet":"max-snippet:-1","max-image-preview":"max-image-preview:large","max-video-preview":"max-video-preview:-1"},"canonical":"https:\/\/www.awenko.de\/fr\/contact\/","og_locale":"fr_FR","og_type":"article","og_title":"KONTAKT - awenko:360","og_url":"https:\/\/www.awenko.de\/fr\/contact\/","og_site_name":"awenko:360","article_publisher":"https:\/\/www.facebook.com\/awenko.360\/","article_modified_time":"2020-04-22T17:41:41+00:00","twitter_card":"summary_large_image","twitter_misc":{"Dur\u00e9e de lecture estim\u00e9e":"5 minutes"},"schema":{"@context":"https:\/\/schema.org","@graph":[{"@type":"WebPage","@id":"https:\/\/www.awenko.de\/kontakt","url":"https:\/\/www.awenko.de\/kontakt","name":"KONTAKT - awenko:360","isPartOf":{"@id":"https:\/\/www.awenko.de\/#website"},"datePublished":"2019-06-19T15:30:29+00:00","dateModified":"2020-04-22T17:41:41+00:00","breadcrumb":{"@id":"https:\/\/www.awenko.de\/kontakt#breadcrumb"},"inLanguage":"fr-FR","potentialAction":[{"@type":"ReadAction","target":["https:\/\/www.awenko.de\/kontakt"]}]},{"@type":"BreadcrumbList","@id":"https:\/\/www.awenko.de\/kontakt#breadcrumb","itemListElement":[{"@type":"ListItem","position":1,"name":"Startseite","item":"https:\/\/www.awenko.de\/"},{"@type":"ListItem","position":2,"name":"KONTAKT"}]},{"@type":"WebSite","@id":"https:\/\/www.awenko.de\/#website","url":"https:\/\/www.awenko.de\/","name":"awenko:360","description":"QM Software f\u00fcr effizientes Qualit\u00e4tsmanagement","potentialAction":[{"@type":"SearchAction","target":{"@type":"EntryPoint","urlTemplate":"https:\/\/www.awenko.de\/?s={search_term_string}"},"query-input":{"@type":"PropertyValueSpecification","valueRequired":true,"valueName":"search_term_string"}}],"inLanguage":"fr-FR"}]}},"_links":{"self":[{"href":"https:\/\/www.awenko.de\/fr\/wp-json\/wp\/v2\/pages\/3260"}],"collection":[{"href":"https:\/\/www.awenko.de\/fr\/wp-json\/wp\/v2\/pages"}],"about":[{"href":"https:\/\/www.awenko.de\/fr\/wp-json\/wp\/v2\/types\/page"}],"author":[{"embeddable":true,"href":"https:\/\/www.awenko.de\/fr\/wp-json\/wp\/v2\/users\/32"}],"replies":[{"embeddable":true,"href":"https:\/\/www.awenko.de\/fr\/wp-json\/wp\/v2\/comments?post=3260"}],"version-history":[{"count":40,"href":"https:\/\/www.awenko.de\/fr\/wp-json\/wp\/v2\/pages\/3260\/revisions"}],"predecessor-version":[{"id":4195,"href":"https:\/\/www.awenko.de\/fr\/wp-json\/wp\/v2\/pages\/3260\/revisions\/4195"}],"wp:attachment":[{"href":"https:\/\/www.awenko.de\/fr\/wp-json\/wp\/v2\/media?parent=3260"}],"curies":[{"name":"wp","href":"https:\/\/api.w.org\/{rel}","templated":true}]}}