{"id":3326,"date":"2019-07-08T20:11:38","date_gmt":"2019-07-08T20:11:38","guid":{"rendered":"http:\/\/s780036507.online.de\/?page_id=3326"},"modified":"2024-03-04T11:35:10","modified_gmt":"2024-03-04T11:35:10","slug":"impressum","status":"publish","type":"page","link":"https:\/\/www.awenko.de\/fr\/impressum","title":{"rendered":"Impressum"},"content":{"rendered":"<p><div class=\"fusion-fullwidth fullwidth-box fusion-builder-row-1 nonhundred-percent-fullwidth non-hundred-percent-height-scrolling\" style=\"background-color: #ffffff;background-position: center center;background-repeat: no-repeat;padding-top:0px;padding-right:0px;padding-bottom:0px;padding-left:0px;margin-bottom: 0px;margin-top: 0px;border-width: 0px 0px 0px 0px;border-color:#eae9e9;border-style:solid;\" ><div class=\"fusion-builder-row fusion-row\"><div class=\"fusion-layout-column fusion_builder_column fusion-builder-column-0 fusion_builder_column_1_1 1_1 fusion-one-full fusion-column-first fusion-column-last\" style=\"margin-top:0px;margin-bottom:20px;\"><div class=\"fusion-column-wrapper fusion-flex-column-wrapper-legacy\" style=\"background-position:left top;background-repeat:no-repeat;-webkit-background-size:cover;-moz-background-size:cover;-o-background-size:cover;background-size:cover;padding: 0px 0px 0px 0px;\"><div class=\"fusion-clearfix\"><\/div><\/div><\/div><\/div><\/div><div class=\"fusion-fullwidth fullwidth-box fusion-builder-row-2 nonhundred-percent-fullwidth non-hundred-percent-height-scrolling\" style=\"background-color: #ffffff;background-position: center center;background-repeat: no-repeat;padding-top:0px;padding-right:0px;padding-bottom:0px;padding-left:0px;margin-bottom: 0px;margin-top: 0px;border-width: 0px 0px 0px 0px;border-color:#eae9e9;border-style:solid;\" ><div class=\"fusion-builder-row fusion-row\"><div class=\"fusion-layout-column fusion_builder_column fusion-builder-column-1 fusion_builder_column_1_1 1_1 fusion-one-full fusion-column-first fusion-column-last\" style=\"margin-top:0px;margin-bottom:20px;\"><div class=\"fusion-column-wrapper fusion-flex-column-wrapper-legacy\" style=\"background-position:left top;background-repeat:no-repeat;-webkit-background-size:cover;-moz-background-size:cover;-o-background-size:cover;background-size:cover;padding: 0px 0px 0px 0px;\"><div class=\"fusion-text fusion-text-1\" style=\"transform:translate3d(0,0,0);\"><div class=\"wpb_row wf-container\">\n<div class=\"vc_col-sm-12 wpb_column column_container\">\n<div class=\"wpb_wrapper\">\n<div class=\"wpb_text_column wpb_content_element\">\n<div class=\"wpb_wrapper\">\n<div id=\"c496\" class=\"csc-default\">\n<p style=\"text-align: left;\">Die Seite www.awenko.de wird betrieben von der<\/p>\n<p style=\"text-align: left;\"><b>AWENKO&nbsp;GmbH &amp; Co. KG \u2013 Gesellschaft f\u00fcr anwendbare Konzepte<\/b><br \/>\nBr\u00e4geler Stra\u00dfe 98<br \/>\n49393 Lohne<br \/>\nALLEMAGNE<\/p>\n<p style=\"text-align: left;\">vertreten durch die gesch\u00e4ftsf\u00fchrende Gesellschafterin:<\/p>\n<p style=\"text-align: left;\">AWENKO Verwaltungs GmbH<br \/>\nBr\u00e4geler Stra\u00dfe 98<br \/>\n49393 Lohne<br \/>\nALLEMAGNE<\/p>\n<p style=\"text-align: left;\">diese vertreten durch den Gesch\u00e4ftsf\u00fchrer Holger Sch\u00fctt<\/p>\n<p style=\"text-align: left;\">Telefon: +49(0) 4442 \/ 808280<\/p>\n<p style=\"text-align: left;\">E-Mail: <a>info@awenko.de<\/a><br \/>\nInternet: <a href=\"https:\/\/www.awenko.de\/fr\/\">www.awenko.de<\/a><\/p>\n<p style=\"text-align: left;\">HRA 202593, Amtsgericht Oldenburg<br \/>\nGerichtsstand: Cloppenburg<\/p>\n<p style=\"text-align: left;\">Umsatzsteuer-Identifikationsnummer gem\u00e4\u00df \u00a7 27 a<br \/>\nUmsatzsteuergesetz: DE 276968656<\/p>\n<p style=\"text-align: left;\">Haftungsausschluss<\/p>\n<p style=\"text-align: left;\"><b>1. Inhalt des Onlineangebotes<br \/>\n<\/b>AWENKO GmbH &amp; Co. KG&nbsp;\u00fcbernimmt keinerlei Gew\u00e4hr f\u00fcr die Aktualit\u00e4t, Qualit\u00e4t, Vollst\u00e4ndigkeit oder Korrektheit der bereitgestellten Informationen. Haftungsanspr\u00fcche gegen AWENKO GmbH &amp; Co. KG, welche sich auf Sch\u00e4den materieller oder ideeller Art beziehen, die durch die Nutzung oder Nichtnutzung der dargebotenen Informationen bzw. durch die Nutzung fehlerhafter und unvollst\u00e4ndiger Informationen verursacht wurden, sind grunds\u00e4tzlich ausgeschlossen, sofern seitens der AWENKO GmbH &amp; Co. KG kein nachweislich vors\u00e4tzliches oder grob fahrl\u00e4ssiges Verschulden vorliegt. Alle Angebote sind freibleibend und unverbindlich. AWENKO GmbH &amp; Co. KG beh\u00e4lt es sich ausdr\u00fccklich vor, Teile der Seiten oder das gesamte Angebot ohne gesonderte Ank\u00fcndigung zu ver\u00e4ndern, zu erg\u00e4nzen, zu l\u00f6schen oder die Ver\u00f6ffentlichung zeitweise oder endg\u00fcltig einzustellen.<\/p>\n<p style=\"text-align: left;\"><b>2. Urheber- und Kennzeichenrecht<\/b><br \/>\nAWENKO GmbH &amp; Co. KG ist bestrebt, in allen Publikationen die Urheberrechte der verwendeten Grafiken, Tondokumente, Videosequenzen und Texte zu beachten, von AWENKO GmbH &amp; Co. KG selbst erstellte Grafiken, Tondokumente, Videosequenzen und Texte zu nutzen oder auf lizenzfreie Grafiken, Tondokumente, Videosequenzen und Texte zur\u00fcckzugreifen. Alle innerhalb des Internetangebotes genannten und ggf. durch Dritte gesch\u00fctzten Marken- und Warenzeichen unterliegen uneingeschr\u00e4nkt den Bestimmungen des jeweils g\u00fcltigen Kennzeichenrechts und den Besitzrechten der jeweiligen eingetragenen Eigent\u00fcmer. Allein aufgrund der blo\u00dfen Nennung ist nicht der Schluss zu ziehen, dass Markenzeichen nicht durch Rechte Dritter gesch\u00fctzt sind! Das Copyright f\u00fcr ver\u00f6ffentlichte, von AWENKO GmbH &amp; Co. KG selbst erstellte Objekte bleibt allein bei der AWENKO GmbH &amp; Co. KG. Eine Vervielf\u00e4ltigung oder Verwendung solcher Grafiken, Tondokumente, Videosequenzen und Texte in anderen elektronischen oder gedruckten Publikationen ist ohne ausdr\u00fcckliche Zustimmung des Autors nicht gestattet.<\/p>\n<p style=\"text-align: left;\"><b>3. Verweise und Links<\/b><br \/>\nBei direkten oder indirekten Verweisen auf fremde Webseiten (\u201cHyperlinks\u201d), die au\u00dferhalb des Verantwortungsbereiches der AWENKO GmbH &amp; Co. KG liegen, w\u00fcrde eine Haftungsverpflichtung ausschlie\u00dflich in dem Fall in Kraft treten, in dem der Autor von den Inhalten Kenntnis hat und es ihm technisch m\u00f6glich und zumutbar w\u00e4re, die Nutzung im Falle rechtswidriger Inhalte zu verhindern. AWENKO GmbH &amp; Co. KG erkl\u00e4rt hiermit ausdr\u00fccklich, dass zum Zeitpunkt der Linksetzung keine illegalen Inhalte auf den zu verlinkenden Seiten erkennbar waren. Auf die aktuelle und zuk\u00fcnftige Gestaltung, die Inhalte oder die Urheberschaft der gelinkten\/verkn\u00fcpften Seiten hat die AWENKO GmbH &amp; Co. KG keinerlei Einfluss. Deshalb distanziert sich die AWENKO GmbH &amp; Co. KG hiermit ausdr\u00fccklich von allen Inhalten aller gelinkten \/verkn\u00fcpften Seiten, die nach der Linksetzung ver\u00e4ndert wurden. Diese Feststellung gilt f\u00fcr alle innerhalb des eigenen Internetangebotes gesetzten Links und Verweise sowie f\u00fcr Fremdeintr\u00e4ge in von AWENKO GmbH &amp; Co. KG eingerichteten G\u00e4steb\u00fcchern, Diskussionsforen und Mailinglisten. F\u00fcr illegale, fehlerhafte oder unvollst\u00e4ndige Inhalte und insbesondere f\u00fcr Sch\u00e4den, die aus der Nutzung oder Nichtnutzung solcherart dargebotener Informationen entstehen, haftet allein der Anbieter der Seite, auf welche verwiesen wurde, nicht derjenige, der \u00fcber Links auf die jeweilige Ver\u00f6ffentlichung lediglich verweist.<\/p>\n<p style=\"text-align: left;\"><b>4. Hinweis zu Google Analytics<\/b><br \/>\nDiese Website benutzt Google Analytics, einen Webanalysedienst der Google Inc. (\u201eGoogle\u201d) Google Analytics verwendet sog. \u201eCookies\u201d, Textdateien, die auf Ihrem Computer gespeichert werden und die eine Analyse der Benutzung der Website durch Sie erm\u00f6glicht.<\/p>\n<p style=\"text-align: left;\">Die durch den Cookie erzeugten Informationen \u00fcber Ihre Benutzung diese Website (einschlie\u00dflich Ihrer IP-Adresse) wird an einen Server von Google in den USA \u00fcbertragen und dort gespeichert. Google wird diese Informationen benutzen, um Ihre Nutzung der Website auszuwerten, um Reports \u00fcber die Websiteaktivit\u00e4ten f\u00fcr die Websitebetreiber zusammenzustellen und um weitere mit der Websitenutzung und der Internetnutzung verbundene Dienstleistungen zu erbringen.<\/p>\n<p style=\"text-align: left;\">Auch wird Google diese Informationen gegebenenfalls an Dritte \u00fcbertragen, sofern dies gesetzlich vorgeschrieben oder soweit Dritte diese Daten im Auftrag von Google verarbeiten. Google wird in keinem Fall Ihre IP-Adresse mit anderen Daten der Google in Verbindung bringen. Sie k\u00f6nnen die Installation der Cookies durch eine entsprechende Einstellung Ihrer Browser Software verhindern; wir weisen Sie jedoch darauf hin, dass Sie in diesem Fall gegebenenfalls nicht s\u00e4mtliche Funktionen dieser Website voll umf\u00e4nglich nutzen k\u00f6nnen.<\/p>\n<p style=\"text-align: left;\">Durch die Nutzung dieser Website erkl\u00e4ren Sie sich mit der Bearbeitung der \u00fcber Sie erhobenen Daten durch Google in der zuvor beschriebenen Art und Weise und zu dem zuvor benannten Zweck einverstanden.<\/p>\n<p style=\"text-align: left;\">M\u00f6chten Sie nicht, dass Ihre Besuche auf dieser Seite registriert werden, k\u00f6nnen Sie einen Blocker f\u00fcr Ihren Browser installieren. N\u00e4here Informationen dazu finden Sie hier: <a href=\"https:\/\/tools.google.com\/dlpage\/gaoptout?hl=de\">https:\/\/tools.google.com\/dlpage\/gaoptout?hl=de<\/a><\/p>\n<p style=\"text-align: left;\"><b>6. Rechtswirksamkeit dieses Haftungsausschlusses<\/b><br \/>\nDieser Haftungsausschluss ist als Teil des Internetangebotes zu betrachten, von dem aus auf diese Seite verwiesen wurde. Sofern Teile oder einzelne Formulierungen dieses Textes der geltenden Rechtslage nicht, nicht mehr oder nicht vollst\u00e4ndig entsprechen sollten, bleiben die \u00fcbrigen Teile des Dokumentes in ihrem Inhalt und ihrer G\u00fcltigkeit davon unber\u00fchrt.<\/p>\n<\/div>\n<\/div>\n<\/div>\n<\/div>\n<\/div>\n<\/div>\n<div class=\"wpb_row wf-container\">\n<div class=\"vc_col-sm-12 wpb_column column_container\">\n<div class=\"wpb_wrapper\">\n<div class=\"vc_empty_space\" style=\"text-align: left;\">&nbsp;<\/div>\n<div class=\"wpb_text_column wpb_content_element\">\n<div class=\"wpb_wrapper\">\n<p style=\"text-align: left;\"><strong>Bildquellen:<\/strong><\/p>\n<p style=\"text-align: left;\">Slider Messeauftritt:184863038 \/ Adriana Castelli \/ shutterstock.com<\/p>\n<\/div>\n<p><strong>Design, Konzept und Umsetzung:<\/strong><\/p>\n<p><a href=\"http:\/\/www.qinera.de\">www.qinera.de<\/a><\/p>\n<p><strong>Onlinemarketing:<\/strong><\/p>\n<p><a href=\"https:\/\/www.clickfactory.de\">SEO &amp; SEA by Clickfactory<\/a><\/p>\n<\/div>\n<\/div>\n<\/div>\n<\/div>\n<\/div><div class=\"fusion-clearfix\"><\/div><\/div><\/div><\/div><\/div><\/p>","protected":false},"excerpt":{"rendered":"","protected":false},"author":32,"featured_media":0,"parent":0,"menu_order":0,"comment_status":"closed","ping_status":"closed","template":"100-width.php","meta":{"ngg_post_thumbnail":0,"footnotes":""},"class_list":["post-3326","page","type-page","status-publish","hentry"],"yoast_head":"<!-- This site is optimized with the Yoast SEO plugin v23.5 - https:\/\/yoast.com\/wordpress\/plugins\/seo\/ -->\n<title>Impressum - awenko:360<\/title>\n<meta name=\"robots\" content=\"index, follow, max-snippet:-1, max-image-preview:large, max-video-preview:-1\" \/>\n<link rel=\"canonical\" href=\"https:\/\/www.awenko.de\/fr\/impressum\/\" \/>\n<meta property=\"og:locale\" content=\"fr_FR\" \/>\n<meta property=\"og:type\" content=\"article\" \/>\n<meta property=\"og:title\" content=\"Impressum - awenko:360\" \/>\n<meta property=\"og:url\" content=\"https:\/\/www.awenko.de\/fr\/impressum\/\" \/>\n<meta property=\"og:site_name\" content=\"awenko:360\" \/>\n<meta property=\"article:publisher\" content=\"https:\/\/www.facebook.com\/awenko.360\/\" \/>\n<meta property=\"article:modified_time\" content=\"2024-03-04T11:35:10+00:00\" \/>\n<meta name=\"twitter:card\" content=\"summary_large_image\" \/>\n<meta name=\"twitter:label1\" content=\"Dur\u00e9e de lecture estim\u00e9e\" \/>\n\t<meta name=\"twitter:data1\" content=\"7 minutes\" \/>\n<!-- \/ Yoast SEO plugin. -->","yoast_head_json":{"title":"Impressum - awenko:360","robots":{"index":"index","follow":"follow","max-snippet":"max-snippet:-1","max-image-preview":"max-image-preview:large","max-video-preview":"max-video-preview:-1"},"canonical":"https:\/\/www.awenko.de\/fr\/impressum\/","og_locale":"fr_FR","og_type":"article","og_title":"Impressum - awenko:360","og_url":"https:\/\/www.awenko.de\/fr\/impressum\/","og_site_name":"awenko:360","article_publisher":"https:\/\/www.facebook.com\/awenko.360\/","article_modified_time":"2024-03-04T11:35:10+00:00","twitter_card":"summary_large_image","twitter_misc":{"Dur\u00e9e de lecture estim\u00e9e":"7 minutes"},"schema":{"@context":"https:\/\/schema.org","@graph":[{"@type":"WebPage","@id":"https:\/\/www.awenko.de\/impressum","url":"https:\/\/www.awenko.de\/impressum","name":"Impressum - awenko:360","isPartOf":{"@id":"https:\/\/www.awenko.de\/#website"},"datePublished":"2019-07-08T20:11:38+00:00","dateModified":"2024-03-04T11:35:10+00:00","breadcrumb":{"@id":"https:\/\/www.awenko.de\/impressum#breadcrumb"},"inLanguage":"fr-FR","potentialAction":[{"@type":"ReadAction","target":["https:\/\/www.awenko.de\/impressum"]}]},{"@type":"BreadcrumbList","@id":"https:\/\/www.awenko.de\/impressum#breadcrumb","itemListElement":[{"@type":"ListItem","position":1,"name":"Startseite","item":"https:\/\/www.awenko.de\/"},{"@type":"ListItem","position":2,"name":"Impressum"}]},{"@type":"WebSite","@id":"https:\/\/www.awenko.de\/#website","url":"https:\/\/www.awenko.de\/","name":"awenko:360","description":"QM Software f\u00fcr effizientes Qualit\u00e4tsmanagement","potentialAction":[{"@type":"SearchAction","target":{"@type":"EntryPoint","urlTemplate":"https:\/\/www.awenko.de\/?s={search_term_string}"},"query-input":{"@type":"PropertyValueSpecification","valueRequired":true,"valueName":"search_term_string"}}],"inLanguage":"fr-FR"}]}},"_links":{"self":[{"href":"https:\/\/www.awenko.de\/fr\/wp-json\/wp\/v2\/pages\/3326"}],"collection":[{"href":"https:\/\/www.awenko.de\/fr\/wp-json\/wp\/v2\/pages"}],"about":[{"href":"https:\/\/www.awenko.de\/fr\/wp-json\/wp\/v2\/types\/page"}],"author":[{"embeddable":true,"href":"https:\/\/www.awenko.de\/fr\/wp-json\/wp\/v2\/users\/32"}],"replies":[{"embeddable":true,"href":"https:\/\/www.awenko.de\/fr\/wp-json\/wp\/v2\/comments?post=3326"}],"version-history":[{"count":9,"href":"https:\/\/www.awenko.de\/fr\/wp-json\/wp\/v2\/pages\/3326\/revisions"}],"predecessor-version":[{"id":4427,"href":"https:\/\/www.awenko.de\/fr\/wp-json\/wp\/v2\/pages\/3326\/revisions\/4427"}],"wp:attachment":[{"href":"https:\/\/www.awenko.de\/fr\/wp-json\/wp\/v2\/media?parent=3326"}],"curies":[{"name":"wp","href":"https:\/\/api.w.org\/{rel}","templated":true}]}}