{"id":3674,"date":"2019-09-11T10:49:20","date_gmt":"2019-09-11T10:49:20","guid":{"rendered":"http:\/\/s780036507.online.de\/?page_id=3674"},"modified":"2020-02-06T11:12:11","modified_gmt":"2020-02-06T11:12:11","slug":"kunden","status":"publish","type":"page","link":"https:\/\/www.awenko.de\/fr\/clients","title":{"rendered":"CLIENTS"},"content":{"rendered":"<p><div id=\"#hotel\"><div class=\"fusion-bg-parallax\" data-bg-align=\"center center\" data-direction=\"up\" data-mute=\"false\" data-opacity=\"100\" data-velocity=\"-0.3\" data-mobile-enabled=\"false\" data-break_parents=\"0\" data-bg-image=\"https:\/\/awenko.de\/wp-content\/uploads\/2019\/05\/network-1572617.jpg\" data-bg-repeat=\"false\" data-bg-color=\"#ffffff\" ><\/div><div class=\"fusion-fullwidth fullwidth-box fusion-builder-row-1 fusion-parallax-up hundred-percent-fullwidth non-hundred-percent-height-scrolling fusion-equal-height-columns lazyload\" style=\"background-color: #ffffff;background-position: center center;background-repeat: no-repeat;padding-top:0px;padding-right:0px;padding-bottom:0px;padding-left:0px;margin-bottom: 50px;border-width: 0px 0px 0px 0px;border-color:#f44336;border-style:solid;-webkit-background-size:cover;-moz-background-size:cover;-o-background-size:cover;background-size:cover;\" data-bg=\"https:\/\/awenko.de\/wp-content\/uploads\/2019\/05\/network-1572617.jpg\" ><div class=\"fusion-builder-row fusion-row\"><div class=\"fusion-layout-column fusion_builder_column fusion-builder-column-0 fusion_builder_column_1_1 1_1 fusion-one-full fusion-column-first fusion-column-last fusion-column-no-min-height\" style=\"margin-top:0px;margin-bottom:0px;\"><div class=\"fusion-column-wrapper fusion-flex-column-wrapper-legacy\" style=\"background-position:left top;background-repeat:no-repeat;-webkit-background-size:cover;-moz-background-size:cover;-o-background-size:cover;background-size:cover;background-color:rgba(39,64,75,0.9);padding: 50px 0px 50px 0px;\"><div class=\"fusion-column-content-centered\"><div class=\"fusion-column-content\"><style type=\"text\/css\"><\/style><div class=\"fusion-title title fusion-title-1 fusion-title-center fusion-title-text fusion-title-size-one\" style=\"margin-top:0px;margin-bottom:0px;\"><div class=\"title-sep-container title-sep-container-left\"><div class=\"title-sep sep-\" style=\"border-color:#e0dede;\"><\/div><\/div><h1 class=\"title-heading-center\" style=\"margin:0;color:#ffffff;\"><h1 class=\"h1-size\" style=\"color: #fff;\">Les <span style=\"color: #9badb5;\">Clients<\/span> qui nous font confiance<\/h1><\/h1><div class=\"title-sep-container title-sep-container-right\"><div class=\"title-sep sep-\" style=\"border-color:#e0dede;\"><\/div><\/div><\/div><div class=\"fusion-sep-clear\"><\/div><div class=\"fusion-separator\" style=\"margin-left: auto;margin-right: auto;margin-bottom:30px;width:100%;max-width:100px;\"><div class=\"fusion-separator-border sep-single\" style=\"border-color:#ad071b;border-top-width:3px;\"><\/div><\/div><div class=\"fusion-sep-clear\"><\/div><\/div><\/div><div class=\"fusion-clearfix\"><\/div><\/div><\/div><\/div><div class=\"fusion-builder-row fusion-row\"><\/div><\/div><\/div><div class=\"fusion-fullwidth fullwidth-box fusion-builder-row-2 hundred-percent-fullwidth non-hundred-percent-height-scrolling\" style=\"background-color: #ffffff;background-position: center center;background-repeat: no-repeat;padding-top:0px;padding-right:0px;padding-bottom:0px;padding-left:0px;margin-bottom: 80px;margin-top: 80px;border-width: 0px 0px 0px 0px;border-color:#eae9e9;border-style:solid;\" ><div class=\"fusion-builder-row fusion-row\"><div class=\"fusion-layout-column fusion_builder_column fusion-builder-column-1 fusion_builder_column_1_1 1_1 fusion-one-full fusion-column-first fusion-column-last\" style=\"margin-top:0px;margin-bottom:20px;\"><div class=\"fusion-column-wrapper fusion-flex-column-wrapper-legacy\" style=\"background-position:left top;background-repeat:no-repeat;-webkit-background-size:cover;-moz-background-size:cover;-o-background-size:cover;background-size:cover;padding: 0px 0px 0px 0px;\"><div class=\"fusion-tabs fusion-tabs-1 clean vertical-tabs icon-position-left\"><style type=\"text\/css\">#wrapper .fusion-tabs.fusion-tabs-1.clean .nav-tabs li a.tab-link{border-color:#ebeaea;}.fusion-tabs.fusion-tabs-1 .nav-tabs li a.tab-link{background-color:#f1f2f2;}.fusion-tabs.fusion-tabs-1 .nav-tabs li.active a.tab-link,.fusion-tabs.fusion-tabs-1 .nav-tabs li.active a.tab-link:hover,.fusion-tabs.fusion-tabs-1 .nav-tabs li.active a.tab-link:focus{background-color:#ffffff;}.fusion-tabs.fusion-tabs-1 .nav-tabs li a:hover{background-color:#ffffff;border-top-color:#ffffff;}.fusion-tabs.fusion-tabs-1 .tab-pane{background-color:#ffffff;}.fusion-tabs.fusion-tabs-1 .nav,.fusion-tabs.fusion-tabs-1 .nav-tabs,.fusion-tabs.fusion-tabs-1 .tab-content .tab-pane{border-color:#ebeaea;}<\/style><div class=\"nav\"><ul class=\"nav-tabs\" role=\"tablist\"><li class=\"active\"><a class=\"tab-link\" data-toggle=\"tab\" role=\"tab\" aria-controls=\"tab-1ddbf8949465baf7a5d\" aria-selected=\"true\" id=\"fusion-tab-fleisch-undfischindustrie\" href=\"#tab-1ddbf8949465baf7a5d\"><h4 class=\"fusion-tab-heading\"><i class=\"fontawesome-icon fa-fish fas\" aria-hidden=\"true\" style=\"font-size:13px;\"><\/i>Industrie de la viande et du poisson<\/h4><\/a><\/li><li><a class=\"tab-link\" data-toggle=\"tab\" role=\"tab\" aria-controls=\"tab-7942c399fc3d64a728c\" aria-selected=\"false\" tabindex=\"-1\" id=\"fusion-tab-lebensmittelindustrie\" href=\"#tab-7942c399fc3d64a728c\"><h4 class=\"fusion-tab-heading\"><i class=\"fontawesome-icon fa-glass-cheers fas\" aria-hidden=\"true\" style=\"font-size:13px;\"><\/i>Industrie alimentaire<\/h4><\/a><\/li><li><a class=\"tab-link\" data-toggle=\"tab\" role=\"tab\" aria-controls=\"tab-11b3c1087ed44a53271\" aria-selected=\"false\" tabindex=\"-1\" id=\"fusion-tab-b\u00e4ckereien\" href=\"#tab-11b3c1087ed44a53271\"><h4 class=\"fusion-tab-heading\"><i class=\"fontawesome-icon fa-bread-slice fas\" aria-hidden=\"true\" style=\"font-size:13px;\"><\/i>Boulangeries<\/h4><\/a><\/li><li><a class=\"tab-link\" data-toggle=\"tab\" role=\"tab\" aria-controls=\"tab-6b807450785cbef0961\" aria-selected=\"false\" tabindex=\"-1\" id=\"fusion-tab-dienstleistungsindustrie&amp;weiterebranchen\" href=\"#tab-6b807450785cbef0961\"><h4 class=\"fusion-tab-heading\"><i class=\"fontawesome-icon fa-handshake fas\" aria-hidden=\"true\" style=\"font-size:13px;\"><\/i>Industrie des services et autres industries<\/h4><\/a><\/li><\/ul><\/div><div class=\"tab-content\"><div class=\"nav fusion-mobile-tab-nav\"><ul class=\"nav-tabs\"><li class=\"active\"><a class=\"tab-link\" data-toggle=\"tab\" role=\"tab\" aria-controls=\"tab-1ddbf8949465baf7a5d\" aria-selected=\"true\" id=\"mobile-fusion-tab-fleisch-undfischindustrie\" href=\"#tab-1ddbf8949465baf7a5d\"><h4 class=\"fusion-tab-heading\"><i class=\"fontawesome-icon fa-fish fas\" aria-hidden=\"true\" style=\"font-size:13px;\"><\/i>Industrie de la viande et du poisson<\/h4><\/a><\/li><\/ul><\/div><div class=\"tab-pane fade fusion-clearfix in active\" role=\"tabpanel\" tabindex=\"0\" aria-labelledby=\"fusion-tab-fleisch-undfischindustrie\" id=\"tab-1ddbf8949465baf7a5d\">\nngg_shortcode_0_placeholder<\/div><div class=\"nav fusion-mobile-tab-nav\"><ul class=\"nav-tabs\"><li><a class=\"tab-link\" data-toggle=\"tab\" role=\"tab\" aria-controls=\"tab-7942c399fc3d64a728c\" aria-selected=\"false\" tabindex=\"-1\" id=\"mobile-fusion-tab-lebensmittelindustrie\" href=\"#tab-7942c399fc3d64a728c\"><h4 class=\"fusion-tab-heading\"><i class=\"fontawesome-icon fa-glass-cheers fas\" aria-hidden=\"true\" style=\"font-size:13px;\"><\/i>Industrie alimentaire<\/h4><\/a><\/li><\/ul><\/div><div class=\"tab-pane fade fusion-clearfix\" role=\"tabpanel\" tabindex=\"0\" aria-labelledby=\"fusion-tab-lebensmittelindustrie\" id=\"tab-7942c399fc3d64a728c\">\nngg_shortcode_1_placeholder<\/div><div class=\"nav fusion-mobile-tab-nav\"><ul class=\"nav-tabs\"><li><a class=\"tab-link\" data-toggle=\"tab\" role=\"tab\" aria-controls=\"tab-11b3c1087ed44a53271\" aria-selected=\"false\" tabindex=\"-1\" id=\"mobile-fusion-tab-b\u00e4ckereien\" href=\"#tab-11b3c1087ed44a53271\"><h4 class=\"fusion-tab-heading\"><i class=\"fontawesome-icon fa-bread-slice fas\" aria-hidden=\"true\" style=\"font-size:13px;\"><\/i>Boulangeries<\/h4><\/a><\/li><\/ul><\/div><div class=\"tab-pane fade fusion-clearfix\" role=\"tabpanel\" tabindex=\"0\" aria-labelledby=\"fusion-tab-b\u00e4ckereien\" id=\"tab-11b3c1087ed44a53271\">\nngg_shortcode_2_placeholder<\/div><div class=\"nav fusion-mobile-tab-nav\"><ul class=\"nav-tabs\"><li><a class=\"tab-link\" data-toggle=\"tab\" role=\"tab\" aria-controls=\"tab-6b807450785cbef0961\" aria-selected=\"false\" tabindex=\"-1\" id=\"mobile-fusion-tab-dienstleistungsindustrie&amp;weiterebranchen\" href=\"#tab-6b807450785cbef0961\"><h4 class=\"fusion-tab-heading\"><i class=\"fontawesome-icon fa-handshake fas\" aria-hidden=\"true\" style=\"font-size:13px;\"><\/i>Industrie des services et autres industries<\/h4><\/a><\/li><\/ul><\/div><div class=\"tab-pane fade fusion-clearfix\" role=\"tabpanel\" tabindex=\"0\" aria-labelledby=\"fusion-tab-dienstleistungsindustrie&amp;weiterebranchen\" id=\"tab-6b807450785cbef0961\">\nngg_shortcode_3_placeholder<\/div><\/div><\/div><div class=\"fusion-clearfix\"><\/div><\/div><\/div><\/div><\/div><div class=\"fusion-bg-parallax\" data-bg-align=\"center center\" data-direction=\"down\" data-mute=\"false\" data-opacity=\"100\" data-velocity=\"-0.3\" data-mobile-enabled=\"false\" data-break_parents=\"0\" data-bg-image=\"https:\/\/www.awenko.de\/wp-content\/uploads\/2019\/10\/network-35374002.jpg\" data-bg-repeat=\"false\" data-bg-color=\"#385c6c\" ><\/div><div class=\"fusion-fullwidth fullwidth-box fusion-builder-row-3 fusion-parallax-down nonhundred-percent-fullwidth non-hundred-percent-height-scrolling lazyload\" style=\"background-color: #385c6c;background-position: center center;background-repeat: no-repeat;padding-top:50px;padding-right:0px;padding-bottom:40px;padding-left:0px;margin-bottom: 0px;margin-top: 0px;border-width: 0px 0px 0px 0px;border-color:#eae9e9;border-style:solid;-webkit-background-size:cover;-moz-background-size:cover;-o-background-size:cover;background-size:cover;\" data-bg=\"https:\/\/www.awenko.de\/wp-content\/uploads\/2019\/10\/network-35374002.jpg\" ><div class=\"fusion-builder-row fusion-row\"><div class=\"fusion-layout-column fusion_builder_column fusion-builder-column-2 fusion_builder_column_1_2 1_2 fusion-one-half fusion-column-first fusion-animated\" style=\"margin-top:0px;margin-bottom:0px;\" data-animationtype=\"slideInLeft\" data-animationduration=\"0.5\" data-animationoffset=\"100%\"><div class=\"fusion-column-wrapper fusion-flex-column-wrapper-legacy\" style=\"background-position:left top;background-repeat:no-repeat;-webkit-background-size:cover;-moz-background-size:cover;-o-background-size:cover;background-size:cover;padding: 0px 50px 0px 0px;\"><style type=\"text\/css\"><\/style><div class=\"fusion-title title fusion-title-2 fusion-sep-none fusion-title-text fusion-title-size-two\" style=\"margin-top:0px;margin-bottom:0px;\"><h2 class=\"title-heading-right\" style=\"margin:0;\"><span style=\"color: #ffffff;\">Sichern Sie sich jetzt einen Platz!<\/span><\/h2><\/div><div class=\"fusion-text fusion-text-1\" style=\"transform:translate3d(0,0,0);\"><p style=\"text-align: right;\"><span style=\"color: #fff;\">Anmeldung m\u00f6glich bis 31.08.2025<\/span><\/p>\n<\/div><div class=\"fusion-clearfix\"><\/div><\/div><\/div><div class=\"fusion-layout-column fusion_builder_column fusion-builder-column-3 fusion_builder_column_1_2 1_2 fusion-one-half fusion-column-last\" style=\"margin-top:20px;margin-bottom:20px;\"><div class=\"fusion-column-wrapper fusion-flex-column-wrapper-legacy\" style=\"background-position:left top;background-repeat:no-repeat;-webkit-background-size:cover;-moz-background-size:cover;-o-background-size:cover;background-size:cover;padding: 0px 0px 0px 0px;\"><div role=\"form\" class=\"wpcf7\" id=\"wpcf7-f4500-o1\" lang=\"de-DE\" dir=\"ltr\">\n<div class=\"screen-reader-response\"><p role=\"status\" aria-live=\"polite\" aria-atomic=\"true\"><\/p> <ul><\/ul><\/div>\n<form action=\"\/fr\/wp-json\/wp\/v2\/pages\/3674#wpcf7-f4500-o1\" method=\"post\" class=\"wpcf7-form init cf7-style cf7-style-4502\" novalidate=\"novalidate\" data-status=\"init\" data-trp-original-action=\"\/fr\/wp-json\/wp\/v2\/pages\/3674#wpcf7-f4500-o1\">\n<div style=\"display: none;\">\n<input type=\"hidden\" name=\"_wpcf7\" value=\"4500\" \/>\n<input type=\"hidden\" name=\"_wpcf7_version\" value=\"5.4.1\" \/>\n<input type=\"hidden\" name=\"_wpcf7_locale\" value=\"de_DE\" \/>\n<input type=\"hidden\" name=\"_wpcf7_unit_tag\" value=\"wpcf7-f4500-o1\" \/>\n<input type=\"hidden\" name=\"_wpcf7_container_post\" value=\"0\" \/>\n<input type=\"hidden\" name=\"_wpcf7_posted_data_hash\" value=\"\" \/>\n<\/div>\n<p><span class=\"wpcf7-form-control-wrap ihr-name\"><input type=\"text\" name=\"ihr-name\" value=\"\" size=\"40\" class=\"wpcf7-form-control wpcf7-text wpcf7-validates-as-required\" aria-required=\"true\" aria-invalid=\"false\" placeholder=\"Votre nom*\" \/><\/span><br \/>\n<span class=\"wpcf7-form-control-wrap ihre-email\"><input type=\"email\" name=\"ihre-email\" value=\"\" size=\"40\" class=\"wpcf7-form-control wpcf7-text wpcf7-email wpcf7-validates-as-required wpcf7-validates-as-email\" aria-required=\"true\" aria-invalid=\"false\" placeholder=\"Votre E-Mail*\" \/><\/span><br \/>\n<span class=\"wpcf7-form-control-wrap company\"><input type=\"text\" name=\"company\" value=\"\" size=\"40\" class=\"wpcf7-form-control wpcf7-text\" aria-invalid=\"false\" placeholder=\"Votre entreprise\" \/><\/span><br \/>\n<span class=\"wpcf7-form-control-wrap telefon\"><input type=\"tel\" name=\"telefon\" value=\"\" size=\"40\" class=\"wpcf7-form-control wpcf7-text wpcf7-tel wpcf7-validates-as-tel\" aria-invalid=\"false\" placeholder=\"Votre t\u00e9l\u00e9phone\" \/><\/span><br \/>\n<span class=\"wpcf7-form-control-wrap address\"><input type=\"text\" name=\"address\" value=\"\" size=\"40\" class=\"wpcf7-form-control wpcf7-text\" aria-invalid=\"false\" placeholder=\"Ihre Adresse\" \/><\/span><\/p>\n<p style=\"font-size:11px; font-size:11px; padding:0; padding-left:100px; float:right; position:absolute; margin-top:-10px;\">Afin de se prot\u00e9ger des spams, veuillez entrer les quatre chiffres suivants dans le champ pr\u00e9vu \u00e0 cet effet.<\/p>\n<p><input type=\"hidden\" name=\"_wpcf7_captcha_challenge_captcha-303\" value=\"819667762\" \/><img decoding=\"async\" class=\"lazyload wpcf7-form-control wpcf7-captchac wpcf7-captcha-captcha-303\" width=\"72\" height=\"24\" alt=\"captcha\" src=\"data:image\/svg+xml,%3Csvg%20xmlns%3D%27http%3A%2F%2Fwww.w3.org%2F2000%2Fsvg%27%20width%3D%2772%27%20height%3D%2724%27%20viewBox%3D%270%200%2072%2024%27%3E%3Crect%20width%3D%2772%27%20height%3D%27324%27%20fill-opacity%3D%220%22%2F%3E%3C%2Fsvg%3E\" data-orig-src=\"https:\/\/www.awenko.de\/wp-content\/uploads\/wpcf7_captcha\/819667762.png\" \/><br \/>\n<span class=\"wpcf7-form-control-wrap captcha-303\"><input type=\"text\" name=\"captcha-303\" value=\"\" size=\"40\" class=\"wpcf7-form-control wpcf7-captchar\" autocomplete=\"off\" aria-invalid=\"false\" \/><\/span><\/p>\n<p style=\"margin-top:-20px !important; position:relative;\"><span class=\"wpcf7-form-control-wrap Datenschutz\"><span class=\"wpcf7-form-control wpcf7-acceptance\"><span class=\"wpcf7-list-item\"><label><input type=\"checkbox\" name=\"Datenschutz\" value=\"1\" aria-invalid=\"false\" \/><span class=\"wpcf7-list-item-label\">J\u2019accepte <a href=\"https:\/\/www.awenko.de\/fr\/politique-de-confidentialite\/\" target=\"_blank\">la politique de confidentialit\u00e9<\/a> zu<\/span><\/label><\/span><\/span><\/span><\/p>\n<p><input type=\"submit\" value=\"Jetzt anmelden\" class=\"wpcf7-form-control wpcf7-submit\" \/><\/p>\n<div class=\"fusion-alert alert custom alert-custom fusion-alert-center wpcf7-response-output fusion-alert-capitalize alert-dismissable\" style=\"border-width:1px;\"><button type=\"button\" class=\"close toggle-alert\" data-dismiss=\"alert\" aria-hidden=\"true\">&times;<\/button><div class=\"fusion-alert-content-wrapper\"><span class=\"fusion-alert-content\"><\/span><\/div><\/div><input type=\"hidden\" name=\"trp-form-language\" value=\"fr\"\/><\/form><\/div><div class=\"fusion-clearfix\"><\/div><\/div><\/div><\/div><\/div>\n<\/p>","protected":false},"excerpt":{"rendered":"","protected":false},"author":32,"featured_media":0,"parent":0,"menu_order":0,"comment_status":"closed","ping_status":"closed","template":"100-width.php","meta":{"ngg_post_thumbnail":0,"footnotes":""},"class_list":["post-3674","page","type-page","status-publish","hentry"],"yoast_head":"<!-- This site is optimized with the Yoast SEO plugin v23.5 - https:\/\/yoast.com\/wordpress\/plugins\/seo\/ -->\n<title>KUNDEN - awenko:360<\/title>\n<meta name=\"robots\" content=\"index, follow, max-snippet:-1, max-image-preview:large, max-video-preview:-1\" \/>\n<link rel=\"canonical\" href=\"https:\/\/www.awenko.de\/fr\/clients\/\" \/>\n<meta property=\"og:locale\" content=\"fr_FR\" \/>\n<meta property=\"og:type\" content=\"article\" \/>\n<meta property=\"og:title\" content=\"KUNDEN - awenko:360\" \/>\n<meta property=\"og:url\" content=\"https:\/\/www.awenko.de\/fr\/clients\/\" \/>\n<meta property=\"og:site_name\" content=\"awenko:360\" \/>\n<meta property=\"article:publisher\" content=\"https:\/\/www.facebook.com\/awenko.360\/\" \/>\n<meta property=\"article:modified_time\" content=\"2020-02-06T11:12:11+00:00\" \/>\n<meta name=\"twitter:card\" content=\"summary_large_image\" \/>\n<meta name=\"twitter:label1\" content=\"Dur\u00e9e de lecture estim\u00e9e\" \/>\n\t<meta name=\"twitter:data1\" content=\"3 minutes\" \/>\n<!-- \/ Yoast SEO plugin. -->","yoast_head_json":{"title":"KUNDEN - awenko:360","robots":{"index":"index","follow":"follow","max-snippet":"max-snippet:-1","max-image-preview":"max-image-preview:large","max-video-preview":"max-video-preview:-1"},"canonical":"https:\/\/www.awenko.de\/fr\/clients\/","og_locale":"fr_FR","og_type":"article","og_title":"KUNDEN - awenko:360","og_url":"https:\/\/www.awenko.de\/fr\/clients\/","og_site_name":"awenko:360","article_publisher":"https:\/\/www.facebook.com\/awenko.360\/","article_modified_time":"2020-02-06T11:12:11+00:00","twitter_card":"summary_large_image","twitter_misc":{"Dur\u00e9e de lecture estim\u00e9e":"3 minutes"},"schema":{"@context":"https:\/\/schema.org","@graph":[{"@type":"WebPage","@id":"https:\/\/www.awenko.de\/kunden","url":"https:\/\/www.awenko.de\/kunden","name":"KUNDEN - awenko:360","isPartOf":{"@id":"https:\/\/www.awenko.de\/#website"},"datePublished":"2019-09-11T10:49:20+00:00","dateModified":"2020-02-06T11:12:11+00:00","breadcrumb":{"@id":"https:\/\/www.awenko.de\/kunden#breadcrumb"},"inLanguage":"fr-FR","potentialAction":[{"@type":"ReadAction","target":["https:\/\/www.awenko.de\/kunden"]}]},{"@type":"BreadcrumbList","@id":"https:\/\/www.awenko.de\/kunden#breadcrumb","itemListElement":[{"@type":"ListItem","position":1,"name":"Startseite","item":"https:\/\/www.awenko.de\/"},{"@type":"ListItem","position":2,"name":"KUNDEN"}]},{"@type":"WebSite","@id":"https:\/\/www.awenko.de\/#website","url":"https:\/\/www.awenko.de\/","name":"awenko:360","description":"QM Software f\u00fcr effizientes Qualit\u00e4tsmanagement","potentialAction":[{"@type":"SearchAction","target":{"@type":"EntryPoint","urlTemplate":"https:\/\/www.awenko.de\/?s={search_term_string}"},"query-input":{"@type":"PropertyValueSpecification","valueRequired":true,"valueName":"search_term_string"}}],"inLanguage":"fr-FR"}]}},"_links":{"self":[{"href":"https:\/\/www.awenko.de\/fr\/wp-json\/wp\/v2\/pages\/3674"}],"collection":[{"href":"https:\/\/www.awenko.de\/fr\/wp-json\/wp\/v2\/pages"}],"about":[{"href":"https:\/\/www.awenko.de\/fr\/wp-json\/wp\/v2\/types\/page"}],"author":[{"embeddable":true,"href":"https:\/\/www.awenko.de\/fr\/wp-json\/wp\/v2\/users\/32"}],"replies":[{"embeddable":true,"href":"https:\/\/www.awenko.de\/fr\/wp-json\/wp\/v2\/comments?post=3674"}],"version-history":[{"count":44,"href":"https:\/\/www.awenko.de\/fr\/wp-json\/wp\/v2\/pages\/3674\/revisions"}],"predecessor-version":[{"id":4099,"href":"https:\/\/www.awenko.de\/fr\/wp-json\/wp\/v2\/pages\/3674\/revisions\/4099"}],"wp:attachment":[{"href":"https:\/\/www.awenko.de\/fr\/wp-json\/wp\/v2\/media?parent=3674"}],"curies":[{"name":"wp","href":"https:\/\/api.w.org\/{rel}","templated":true}]}}