{"id":4075,"date":"2020-01-03T10:11:38","date_gmt":"2020-01-03T10:11:38","guid":{"rendered":"https:\/\/www.awenko.de\/?page_id=4075"},"modified":"2020-01-03T10:11:38","modified_gmt":"2020-01-03T10:11:38","slug":"registrierung-erfolgreich","status":"publish","type":"page","link":"https:\/\/www.awenko.de\/fr\/registrierung-erfolgreich","title":{"rendered":"Registrierung erfolgreich"},"content":{"rendered":"<div class=\"fusion-fullwidth fullwidth-box fusion-builder-row-1 nonhundred-percent-fullwidth non-hundred-percent-height-scrolling\" style=\"background-color: #ffffff;background-position: center center;background-repeat: no-repeat;padding-top:0px;padding-right:0px;padding-bottom:0px;padding-left:0px;margin-bottom: 0px;margin-top: 0px;border-width: 0px 0px 0px 0px;border-color:#eae9e9;border-style:solid;\" ><div class=\"fusion-builder-row fusion-row\"><div class=\"fusion-layout-column fusion_builder_column fusion-builder-column-0 fusion_builder_column_1_1 1_1 fusion-one-full fusion-column-first fusion-column-last\" style=\"margin-top:0px;margin-bottom:0px;\"><div class=\"fusion-column-wrapper fusion-flex-column-wrapper-legacy\" style=\"background-position:left top;background-repeat:no-repeat;-webkit-background-size:cover;-moz-background-size:cover;-o-background-size:cover;background-size:cover;padding: 0px 0px 0px 0px;\"><div class=\"fusion-sep-clear\"><\/div><div class=\"fusion-separator fusion-full-width-sep\" style=\"margin-left: auto;margin-right: auto;margin-bottom:100px;width:100%;\"><\/div><div class=\"fusion-sep-clear\"><\/div><div class=\"fusion-text fusion-text-1\" style=\"transform:translate3d(0,0,0);\"><p>Vielen Dank f\u00fcr Ihre Registrierung. In k\u00fcrze erhalten Sie eine E-Mail mit Ihren Kontodaten. Nach Freischaltung Ihres Kundenkontos k\u00f6nnen Sie sich in den Downloadbereich einloggen.<\/p>\n<\/div><div class=\"fusion-clearfix\"><\/div><\/div><\/div><\/div><\/div>","protected":false},"excerpt":{"rendered":"","protected":false},"author":32,"featured_media":0,"parent":0,"menu_order":0,"comment_status":"closed","ping_status":"closed","template":"","meta":{"ngg_post_thumbnail":0,"footnotes":""},"class_list":["post-4075","page","type-page","status-publish","hentry"],"yoast_head":"<!-- This site is optimized with the Yoast SEO plugin v23.5 - https:\/\/yoast.com\/wordpress\/plugins\/seo\/ -->\n<title>Registrierung erfolgreich - awenko:360<\/title>\n<meta name=\"robots\" content=\"index, follow, max-snippet:-1, max-image-preview:large, max-video-preview:-1\" \/>\n<link rel=\"canonical\" href=\"https:\/\/www.awenko.de\/fr\/registrierung-erfolgreich\/\" \/>\n<meta property=\"og:locale\" content=\"fr_FR\" \/>\n<meta property=\"og:type\" content=\"article\" \/>\n<meta property=\"og:title\" content=\"Registrierung erfolgreich - awenko:360\" \/>\n<meta property=\"og:url\" content=\"https:\/\/www.awenko.de\/fr\/registrierung-erfolgreich\/\" \/>\n<meta property=\"og:site_name\" content=\"awenko:360\" \/>\n<meta property=\"article:publisher\" content=\"https:\/\/www.facebook.com\/awenko.360\/\" \/>\n<meta name=\"twitter:card\" content=\"summary_large_image\" \/>\n<meta name=\"twitter:label1\" content=\"Dur\u00e9e de lecture estim\u00e9e\" \/>\n\t<meta name=\"twitter:data1\" content=\"1 minute\" \/>\n<!-- \/ Yoast SEO plugin. -->","yoast_head_json":{"title":"Registrierung erfolgreich - awenko:360","robots":{"index":"index","follow":"follow","max-snippet":"max-snippet:-1","max-image-preview":"max-image-preview:large","max-video-preview":"max-video-preview:-1"},"canonical":"https:\/\/www.awenko.de\/fr\/registrierung-erfolgreich\/","og_locale":"fr_FR","og_type":"article","og_title":"Registrierung erfolgreich - awenko:360","og_url":"https:\/\/www.awenko.de\/fr\/registrierung-erfolgreich\/","og_site_name":"awenko:360","article_publisher":"https:\/\/www.facebook.com\/awenko.360\/","twitter_card":"summary_large_image","twitter_misc":{"Dur\u00e9e de lecture estim\u00e9e":"1 minute"},"schema":{"@context":"https:\/\/schema.org","@graph":[{"@type":"WebPage","@id":"https:\/\/www.awenko.de\/registrierung-erfolgreich","url":"https:\/\/www.awenko.de\/registrierung-erfolgreich","name":"Registrierung erfolgreich - awenko:360","isPartOf":{"@id":"https:\/\/www.awenko.de\/#website"},"datePublished":"2020-01-03T10:11:38+00:00","dateModified":"2020-01-03T10:11:38+00:00","breadcrumb":{"@id":"https:\/\/www.awenko.de\/registrierung-erfolgreich#breadcrumb"},"inLanguage":"fr-FR","potentialAction":[{"@type":"ReadAction","target":["https:\/\/www.awenko.de\/registrierung-erfolgreich"]}]},{"@type":"BreadcrumbList","@id":"https:\/\/www.awenko.de\/registrierung-erfolgreich#breadcrumb","itemListElement":[{"@type":"ListItem","position":1,"name":"Startseite","item":"https:\/\/www.awenko.de\/"},{"@type":"ListItem","position":2,"name":"Registrierung erfolgreich"}]},{"@type":"WebSite","@id":"https:\/\/www.awenko.de\/#website","url":"https:\/\/www.awenko.de\/","name":"awenko:360","description":"QM Software f\u00fcr effizientes Qualit\u00e4tsmanagement","potentialAction":[{"@type":"SearchAction","target":{"@type":"EntryPoint","urlTemplate":"https:\/\/www.awenko.de\/?s={search_term_string}"},"query-input":{"@type":"PropertyValueSpecification","valueRequired":true,"valueName":"search_term_string"}}],"inLanguage":"fr-FR"}]}},"_links":{"self":[{"href":"https:\/\/www.awenko.de\/fr\/wp-json\/wp\/v2\/pages\/4075"}],"collection":[{"href":"https:\/\/www.awenko.de\/fr\/wp-json\/wp\/v2\/pages"}],"about":[{"href":"https:\/\/www.awenko.de\/fr\/wp-json\/wp\/v2\/types\/page"}],"author":[{"embeddable":true,"href":"https:\/\/www.awenko.de\/fr\/wp-json\/wp\/v2\/users\/32"}],"replies":[{"embeddable":true,"href":"https:\/\/www.awenko.de\/fr\/wp-json\/wp\/v2\/comments?post=4075"}],"version-history":[{"count":1,"href":"https:\/\/www.awenko.de\/fr\/wp-json\/wp\/v2\/pages\/4075\/revisions"}],"predecessor-version":[{"id":4077,"href":"https:\/\/www.awenko.de\/fr\/wp-json\/wp\/v2\/pages\/4075\/revisions\/4077"}],"wp:attachment":[{"href":"https:\/\/www.awenko.de\/fr\/wp-json\/wp\/v2\/media?parent=4075"}],"curies":[{"name":"wp","href":"https:\/\/api.w.org\/{rel}","templated":true}]}}